{"id":9,"date":"2020-08-15T21:16:45","date_gmt":"2020-08-15T19:16:45","guid":{"rendered":"http:\/\/www.wallo.green\/blogshop\/?page_id=9"},"modified":"2025-02-08T18:20:17","modified_gmt":"2025-02-08T17:20:17","slug":"boutique","status":"publish","type":"page","link":"https:\/\/www.wallo.green\/blogshop\/boutique\/","title":{"rendered":"La p\u00e9pini\u00e8re"},"content":{"rendered":"\r\n<p><br \/><a href=\"https:\/\/www.wallo.green\/blogshop\/wp-content\/uploads\/2023\/03\/1-2-scaled.jpg\"><img loading=\"lazy\" decoding=\"async\" class=\"alignright size-medium wp-image-1237\" src=\"https:\/\/www.wallo.green\/blogshop\/wp-content\/uploads\/2023\/03\/1-2-300x357.jpg\" alt=\"\" width=\"300\" height=\"357\" srcset=\"https:\/\/www.wallo.green\/blogshop\/wp-content\/uploads\/2023\/03\/1-2-300x357.jpg 300w, https:\/\/www.wallo.green\/blogshop\/wp-content\/uploads\/2023\/03\/1-2-1024x1217.jpg 1024w, https:\/\/www.wallo.green\/blogshop\/wp-content\/uploads\/2023\/03\/1-2-126x150.jpg 126w, https:\/\/www.wallo.green\/blogshop\/wp-content\/uploads\/2023\/03\/1-2-768x913.jpg 768w, https:\/\/www.wallo.green\/blogshop\/wp-content\/uploads\/2023\/03\/1-2-1292x1536.jpg 1292w, https:\/\/www.wallo.green\/blogshop\/wp-content\/uploads\/2023\/03\/1-2-1723x2048.jpg 1723w, https:\/\/www.wallo.green\/blogshop\/wp-content\/uploads\/2023\/03\/1-2-640x761.jpg 640w, https:\/\/www.wallo.green\/blogshop\/wp-content\/uploads\/2023\/03\/1-2-1200x1427.jpg 1200w, https:\/\/www.wallo.green\/blogshop\/wp-content\/uploads\/2023\/03\/1-2-1980x2354.jpg 1980w\" sizes=\"auto, (max-width: 300px) 100vw, 300px\" \/><\/a><a href=\"https:\/\/www.wallo.green\/blogshop\/contact\/\">Coordonn\u00e9es &amp; contact<\/a><\/p>\r\n<p>Nous vous proposons un assortiment de v\u00e9g\u00e9taux de grand int\u00e9r\u00eat, pour <strong>vastes et minis jardins !<\/strong><\/p>\r\n<p><a href=\"https:\/\/www.wallo.green\/acheter\/\">Webshop<\/a><\/p>\r\n<p>Plantes <strong>comestibles<\/strong> classiques, rares et nouvelles.<\/p>\r\n<p>S\u00e9lection <strong>ornementale<\/strong> originale, et coups de coeur.<\/p>\r\n<p><a href=\"https:\/\/www.wallo.green\/blogshop\/wp-content\/uploads\/2020\/09\/Pepiniere-2017-b-scaled.jpg\"><img loading=\"lazy\" decoding=\"async\" class=\"aligncenter size-large wp-image-426\" src=\"https:\/\/www.wallo.green\/blogshop\/wp-content\/uploads\/2020\/09\/Pepiniere-2017-b-1024x577.jpg\" alt=\"\" width=\"580\" height=\"327\" srcset=\"https:\/\/www.wallo.green\/blogshop\/wp-content\/uploads\/2020\/09\/Pepiniere-2017-b-1024x577.jpg 1024w, https:\/\/www.wallo.green\/blogshop\/wp-content\/uploads\/2020\/09\/Pepiniere-2017-b-300x169.jpg 300w, https:\/\/www.wallo.green\/blogshop\/wp-content\/uploads\/2020\/09\/Pepiniere-2017-b-768x433.jpg 768w, https:\/\/www.wallo.green\/blogshop\/wp-content\/uploads\/2020\/09\/Pepiniere-2017-b-1536x866.jpg 1536w, https:\/\/www.wallo.green\/blogshop\/wp-content\/uploads\/2020\/09\/Pepiniere-2017-b-2048x1155.jpg 2048w, https:\/\/www.wallo.green\/blogshop\/wp-content\/uploads\/2020\/09\/Pepiniere-2017-b-640x361.jpg 640w, https:\/\/www.wallo.green\/blogshop\/wp-content\/uploads\/2020\/09\/Pepiniere-2017-b-1200x676.jpg 1200w, https:\/\/www.wallo.green\/blogshop\/wp-content\/uploads\/2020\/09\/Pepiniere-2017-b-1980x1116.jpg 1980w\" sizes=\"auto, (max-width: 580px) 100vw, 580px\" \/><\/a><\/p>\r\n\r\n\r\n","protected":false},"excerpt":{"rendered":"<p>Coordonn\u00e9es &amp; contact Nous vous proposons un assortiment de v\u00e9g\u00e9taux de grand int\u00e9r\u00eat, pour vastes et minis jardins ! Webshop Plantes comestibles classiques, rares et nouvelles. S\u00e9lection ornementale originale, et coups de coeur.<\/p>\n","protected":false},"author":1,"featured_media":0,"parent":0,"menu_order":0,"comment_status":"closed","ping_status":"closed","template":"","meta":{"footnotes":""},"class_list":["post-9","page","type-page","status-publish","hentry"],"_links":{"self":[{"href":"https:\/\/www.wallo.green\/blogshop\/wp-json\/wp\/v2\/pages\/9","targetHints":{"allow":["GET"]}}],"collection":[{"href":"https:\/\/www.wallo.green\/blogshop\/wp-json\/wp\/v2\/pages"}],"about":[{"href":"https:\/\/www.wallo.green\/blogshop\/wp-json\/wp\/v2\/types\/page"}],"author":[{"embeddable":true,"href":"https:\/\/www.wallo.green\/blogshop\/wp-json\/wp\/v2\/users\/1"}],"replies":[{"embeddable":true,"href":"https:\/\/www.wallo.green\/blogshop\/wp-json\/wp\/v2\/comments?post=9"}],"version-history":[{"count":33,"href":"https:\/\/www.wallo.green\/blogshop\/wp-json\/wp\/v2\/pages\/9\/revisions"}],"predecessor-version":[{"id":2187,"href":"https:\/\/www.wallo.green\/blogshop\/wp-json\/wp\/v2\/pages\/9\/revisions\/2187"}],"wp:attachment":[{"href":"https:\/\/www.wallo.green\/blogshop\/wp-json\/wp\/v2\/media?parent=9"}],"curies":[{"name":"wp","href":"https:\/\/api.w.org\/{rel}","templated":true}]}}