{"id":82,"date":"2020-08-16T16:42:48","date_gmt":"2020-08-16T14:42:48","guid":{"rendered":"https:\/\/www.wallo.green\/blogshop\/?page_id=82"},"modified":"2025-02-08T17:58:05","modified_gmt":"2025-02-08T16:58:05","slug":"promos","status":"publish","type":"page","link":"https:\/\/www.wallo.green\/blogshop\/promos\/","title":{"rendered":"Promotions"},"content":{"rendered":"\r\n<p><span style=\"color: #808080; font-size: 12pt;\">Mise \u00e0 jour : 6 f\u00e9vrier 2025<br \/><\/span><\/p>\r\n<p>V\u00e9rifiez aussi dans le <a href=\"https:\/\/www.wallo.green\/acheter\/26-promotions\">webshop<\/a> !<\/p>\r\n<p><strong><a href=\"https:\/\/www.wallo.green\/blogshop\/wp-content\/uploads\/2025\/02\/CHATAIGNIER-Belle-epine.jpg\"><img loading=\"lazy\" decoding=\"async\" class=\"size-medium wp-image-2153 alignright\" src=\"https:\/\/www.wallo.green\/blogshop\/wp-content\/uploads\/2025\/02\/CHATAIGNIER-Belle-epine-300x300.jpg\" alt=\"\" width=\"300\" height=\"300\" srcset=\"https:\/\/www.wallo.green\/blogshop\/wp-content\/uploads\/2025\/02\/CHATAIGNIER-Belle-epine-300x300.jpg 300w, https:\/\/www.wallo.green\/blogshop\/wp-content\/uploads\/2025\/02\/CHATAIGNIER-Belle-epine-150x150.jpg 150w, https:\/\/www.wallo.green\/blogshop\/wp-content\/uploads\/2025\/02\/CHATAIGNIER-Belle-epine-768x768.jpg 768w, https:\/\/www.wallo.green\/blogshop\/wp-content\/uploads\/2025\/02\/CHATAIGNIER-Belle-epine.jpg 800w\" sizes=\"auto, (max-width: 300px) 100vw, 300px\" \/><\/a>Ch\u00e2taignier europ\u00e9en Belle \u00c9pine 160 cm <\/strong>greff\u00e9 sur Castanea sativa r\u00e9sistant \u00e0 la s\u00e9cheresse, <strong>racines nues : 25 \u20ac. <\/strong><\/p>\r\n<p>Une tr\u00e8s bonne vari\u00e9t\u00e9, productive, convenant \u00e0 la transformation ou \u00e0 la consommation de bouche. <a href=\"https:\/\/www.wallo.green\/blogshop\/wp-content\/uploads\/2025\/02\/20250206_134957-scaled.jpg\"><img loading=\"lazy\" decoding=\"async\" class=\"size-medium wp-image-2152 alignleft\" src=\"https:\/\/www.wallo.green\/blogshop\/wp-content\/uploads\/2025\/02\/20250206_134957-300x558.jpg\" alt=\"\" width=\"300\" height=\"558\" srcset=\"https:\/\/www.wallo.green\/blogshop\/wp-content\/uploads\/2025\/02\/20250206_134957-300x558.jpg 300w, https:\/\/www.wallo.green\/blogshop\/wp-content\/uploads\/2025\/02\/20250206_134957-1024x1905.jpg 1024w, https:\/\/www.wallo.green\/blogshop\/wp-content\/uploads\/2025\/02\/20250206_134957-81x150.jpg 81w, https:\/\/www.wallo.green\/blogshop\/wp-content\/uploads\/2025\/02\/20250206_134957-768x1429.jpg 768w, https:\/\/www.wallo.green\/blogshop\/wp-content\/uploads\/2025\/02\/20250206_134957-825x1536.jpg 825w, https:\/\/www.wallo.green\/blogshop\/wp-content\/uploads\/2025\/02\/20250206_134957-1101x2048.jpg 1101w, https:\/\/www.wallo.green\/blogshop\/wp-content\/uploads\/2025\/02\/20250206_134957-1200x2233.jpg 1200w, https:\/\/www.wallo.green\/blogshop\/wp-content\/uploads\/2025\/02\/20250206_134957-scaled.jpg 1376w\" sizes=\"auto, (max-width: 300px) 100vw, 300px\" \/><\/a>Le fruit de bonne saveur, tr\u00e8s gros et l\u00e9g\u00e8rement cloisonn\u00e9, il tombe en masse \u00e0 partir de mi octobre. Peu sensible aux froids printaniers, cet arbre de forte vigueur et de mise \u00e0 fruit rapide est cultiv\u00e9 jusqu&#8217;\u00e0 600 m dans l\u2019Is\u00e8re. La conservation naturelle des fruits n\u2019est pas tr\u00e8s longue.\u00a0<\/p>\r\n<p>Excellent pollinisateur pour quasiment toutes les vari\u00e9t\u00e9s. <strong>Assez autofertile.<\/strong><\/p>\r\n<p>&nbsp;<\/p>\r\n<p><strong><a href=\"https:\/\/www.wallo.green\/blogshop\/wp-content\/uploads\/2025\/02\/Kaki-700x700-1.png\"><img loading=\"lazy\" decoding=\"async\" class=\"alignright size-medium wp-image-2155\" src=\"https:\/\/www.wallo.green\/blogshop\/wp-content\/uploads\/2025\/02\/Kaki-700x700-1-300x300.png\" alt=\"\" width=\"300\" height=\"300\" srcset=\"https:\/\/www.wallo.green\/blogshop\/wp-content\/uploads\/2025\/02\/Kaki-700x700-1-300x300.png 300w, https:\/\/www.wallo.green\/blogshop\/wp-content\/uploads\/2025\/02\/Kaki-700x700-1-150x150.png 150w, https:\/\/www.wallo.green\/blogshop\/wp-content\/uploads\/2025\/02\/Kaki-700x700-1.png 700w\" sizes=\"auto, (max-width: 300px) 100vw, 300px\" \/><\/a>Kaki asiatique Mazelli : 15 \u20ac,<\/strong> arbre n\u00e9glig\u00e9 ab\u00eem\u00e9 mais qui poussera bien apr\u00e8s quelques mois de soins. Astringent, \u00e0 consommer apr\u00e8s blettissement, cong\u00e9lation, cuisson, s\u00e9chage ou traitement \u00e0 l&#8217;\u00e9thyl\u00e8ne.\u00a0<\/p>\r\n<p><strong>Fruit sans graine<\/strong> (asperme), gros, aplati et arrondi, c\u00f4tel\u00e9, de couleur rouge orange \u00e0 maturit\u00e9. Chair tr\u00e8s bonne, sucr\u00e9e et fine.<\/p>\r\n<p>&nbsp;<\/p>\r\n<p><strong><a href=\"https:\/\/www.wallo.green\/blogshop\/wp-content\/uploads\/2025\/02\/cydomalus-red-quince.jpeg\"><img loading=\"lazy\" decoding=\"async\" class=\"alignright size-medium wp-image-2132\" src=\"https:\/\/www.wallo.green\/blogshop\/wp-content\/uploads\/2025\/02\/cydomalus-red-quince-300x225.jpeg\" alt=\"\" width=\"300\" height=\"225\" srcset=\"https:\/\/www.wallo.green\/blogshop\/wp-content\/uploads\/2025\/02\/cydomalus-red-quince-300x225.jpeg 300w, https:\/\/www.wallo.green\/blogshop\/wp-content\/uploads\/2025\/02\/cydomalus-red-quince-1024x768.jpeg 1024w, https:\/\/www.wallo.green\/blogshop\/wp-content\/uploads\/2025\/02\/cydomalus-red-quince-150x113.jpeg 150w, https:\/\/www.wallo.green\/blogshop\/wp-content\/uploads\/2025\/02\/cydomalus-red-quince-768x576.jpeg 768w, https:\/\/www.wallo.green\/blogshop\/wp-content\/uploads\/2025\/02\/cydomalus-red-quince-1536x1152.jpeg 1536w, https:\/\/www.wallo.green\/blogshop\/wp-content\/uploads\/2025\/02\/cydomalus-red-quince-1200x900.jpeg 1200w, https:\/\/www.wallo.green\/blogshop\/wp-content\/uploads\/2025\/02\/cydomalus-red-quince.jpeg 1712w\" sizes=\"auto, (max-width: 300px) 100vw, 300px\" \/><\/a>x Cydolus Red Quince : 40 \u20ac greff\u00e9, en pot <\/strong>(syn. x Cydomalus R. Q.). Un seul exemplaire restant !<\/p>\r\n<p>Hyper rare hybride interg\u00e9n\u00e9rique entre coing (Cydonia) et une pomme (Malus). Pour les collectionneurs ! La plante est facile, r\u00e9sistante, port semblable \u00e0 un cognassier, bien vigoureuse mais sans exc\u00e8s. <a href=\"https:\/\/www.wallo.green\/blogshop\/wp-content\/uploads\/2025\/02\/cydomalus4-red-quince.jpeg\"><img loading=\"lazy\" decoding=\"async\" class=\"alignleft size-medium wp-image-2133\" src=\"https:\/\/www.wallo.green\/blogshop\/wp-content\/uploads\/2025\/02\/cydomalus4-red-quince-300x225.jpeg\" alt=\"\" width=\"300\" height=\"225\" srcset=\"https:\/\/www.wallo.green\/blogshop\/wp-content\/uploads\/2025\/02\/cydomalus4-red-quince-300x225.jpeg 300w, https:\/\/www.wallo.green\/blogshop\/wp-content\/uploads\/2025\/02\/cydomalus4-red-quince-1024x768.jpeg 1024w, https:\/\/www.wallo.green\/blogshop\/wp-content\/uploads\/2025\/02\/cydomalus4-red-quince-150x113.jpeg 150w, https:\/\/www.wallo.green\/blogshop\/wp-content\/uploads\/2025\/02\/cydomalus4-red-quince-768x576.jpeg 768w, https:\/\/www.wallo.green\/blogshop\/wp-content\/uploads\/2025\/02\/cydomalus4-red-quince-1536x1152.jpeg 1536w, https:\/\/www.wallo.green\/blogshop\/wp-content\/uploads\/2025\/02\/cydomalus4-red-quince-1200x900.jpeg 1200w, https:\/\/www.wallo.green\/blogshop\/wp-content\/uploads\/2025\/02\/cydomalus4-red-quince.jpeg 1712w\" sizes=\"auto, (max-width: 300px) 100vw, 300px\" \/><\/a>Taille de fruit entre une grosse pomme et un grand coin. Chair tendre et sucr\u00e9e, le go\u00fbt est un m\u00e9lange de pomme, poire et coing, avec une pointe d&#8217;amertume. Maturit\u00e9 d\u00e9but octobre, la cavit\u00e9 \u00e0 graines est tr\u00e8s petite. Superbe floraison rose vif au printemps.<\/p>\r\n<p>Pot 2 litres et 80 cm de haut.<\/p>\r\n<p>&nbsp;<\/p>\r\n<p>Promos : voir ce qui est <span style=\"text-decoration: underline;\">surlign\u00e9 en <strong>jaune<\/strong><\/span> : <a href=\"http:\/\/www.wallo.green\/x\/22\">wallo.green\/x\/22<\/a>\u00a0pour les <strong>prix<\/strong> et quantit\u00e9s disponibles.<\/p>\r\n<p>Certaines plantes d&#8217;exceptions seront parfois en <strong><a href=\"https:\/\/www.wallo.green\/blogshop\/promos\/ventes-speciales\/\">vente internet exclusive<\/a><\/strong>.<\/p>\r\n","protected":false},"excerpt":{"rendered":"<p>Mise \u00e0 jour : 6 f\u00e9vrier 2025 V\u00e9rifiez aussi dans le webshop ! Ch\u00e2taignier europ\u00e9en Belle \u00c9pine 160 cm greff\u00e9 sur Castanea sativa r\u00e9sistant \u00e0 la s\u00e9cheresse, racines nues : 25 \u20ac. Une tr\u00e8s bonne vari\u00e9t\u00e9, productive, convenant \u00e0 la transformation ou \u00e0 la consommation de bouche. Le fruit de bonne saveur, tr\u00e8s gros et [&hellip;]<\/p>\n","protected":false},"author":1,"featured_media":0,"parent":0,"menu_order":0,"comment_status":"closed","ping_status":"closed","template":"","meta":{"footnotes":""},"class_list":["post-82","page","type-page","status-publish","hentry"],"_links":{"self":[{"href":"https:\/\/www.wallo.green\/blogshop\/wp-json\/wp\/v2\/pages\/82","targetHints":{"allow":["GET"]}}],"collection":[{"href":"https:\/\/www.wallo.green\/blogshop\/wp-json\/wp\/v2\/pages"}],"about":[{"href":"https:\/\/www.wallo.green\/blogshop\/wp-json\/wp\/v2\/types\/page"}],"author":[{"embeddable":true,"href":"https:\/\/www.wallo.green\/blogshop\/wp-json\/wp\/v2\/users\/1"}],"replies":[{"embeddable":true,"href":"https:\/\/www.wallo.green\/blogshop\/wp-json\/wp\/v2\/comments?post=82"}],"version-history":[{"count":31,"href":"https:\/\/www.wallo.green\/blogshop\/wp-json\/wp\/v2\/pages\/82\/revisions"}],"predecessor-version":[{"id":2177,"href":"https:\/\/www.wallo.green\/blogshop\/wp-json\/wp\/v2\/pages\/82\/revisions\/2177"}],"wp:attachment":[{"href":"https:\/\/www.wallo.green\/blogshop\/wp-json\/wp\/v2\/media?parent=82"}],"curies":[{"name":"wp","href":"https:\/\/api.w.org\/{rel}","templated":true}]}}