{"id":73,"date":"2020-08-15T22:58:29","date_gmt":"2020-08-15T20:58:29","guid":{"rendered":"http:\/\/www.wallo.green\/blogshop\/?page_id=73"},"modified":"2025-07-29T15:06:45","modified_gmt":"2025-07-29T13:06:45","slug":"contact","status":"publish","type":"page","link":"https:\/\/www.wallo.green\/blogshop\/contact\/","title":{"rendered":"Contact"},"content":{"rendered":"\r\n<p><strong><a href=\"https:\/\/www.facebook.com\/WalloGreen\">Facebook<\/a><\/strong> (WalloGreen) &#8211;\u00a0 <strong><a href=\"https:\/\/www.instagram.com\/wallogreen\/\">Instagram<\/a><\/strong> (wallogreen)<\/p>\r\n<p><a href=\"mailto:contact@wallo.green\"><strong>contact@wallo.green<\/strong><\/a>\u00a0 &#8211;\u00a0 <a href=\"http:\/\/www.wallo.green\">www.wallo.green<\/a><\/p>\r\n<p>Nous sommes dans la r\u00e9gion de <strong>Fleurus<\/strong> (6220).<\/p>\r\n<p>Ces prochaines semaines, nous sommes invit\u00e9s et<strong> seront pr\u00e9sents sur le terrain de nos amis<\/strong> des <a href=\"https:\/\/www.facebook.com\/lespetitsfruitsdemellet\/\">Petits Fruits de Mellet<\/a>, vous pouvez vous y rendre en suivant ce <strong>plan :<\/strong> <a href=\"https:\/\/www.wallo.green\/blogshop\/wp-content\/uploads\/2025\/04\/Petits-Fruits-de-Mellet.pdf\">PDF<\/a> ou <a href=\"https:\/\/www.wallo.green\/blogshop\/wp-content\/uploads\/2025\/04\/Petits-Fruits-de-Mellet-scaled.jpg\">image<\/a>. Sauf si dans un article de ce site ou une publicit\u00e9 Facebook, nous avons indiqu\u00e9 des jours d&#8217;ouverture, il faut nous <strong>t\u00e9l\u00e9phoner<\/strong> pour savoir si c&#8217;est ouvert.<\/p>\r\n\r\n\r\n\r\n<p><strong>+32474530804 : <\/strong><br \/><a href=\"https:\/\/wa.me\/32474530804\">WhatsApp direct<\/a> (de pr\u00e9f\u00e9rence, ou SMS\/texto au num\u00e9ro ci-dessus)<br \/><a href=\"https:\/\/m.me\/129105247154799\">Facebook Messenger<\/a> (d\u00e9lais plus long car nous recevons les notifications souvent tr\u00e8s tardivement)<\/p>\r\n\r\n\r\n\r\n\r\n\r\n<p><strong>Compte bancaire :<\/strong> <br \/>Ronny Staquet\u00a0 &#8211;\u00a0 IBAN : BE34068249024790\u00a0 &#8211;\u00a0 BIC : GKCCBEBB<\/p>\r\n\r\n\r\n\r\n<p>Carte des endroits o\u00f9 vous pourrez nous rencontrer ces prochains mois (<strong>en vert<\/strong>), sauf si probl\u00e8me de derni\u00e8re minute (cliquez sur les ic\u00f4nes), en rouge ce sont d&#8217;autres f\u00eates des plantes sans notre pr\u00e9sence, juste pour info.<\/p>\r\n<p><iframe loading=\"lazy\" src=\"https:\/\/www.google.com\/maps\/d\/u\/2\/embed?mid=1Skii-IXtW6Ab8SPNeJrZBEfSjyo\" width=\"640\" height=\"480\"><\/iframe><\/p>\r\n<p><a href=\"https:\/\/drive.google.com\/open?id=1Skii-IXtW6Ab8SPNeJrZBEfSjyo&amp;usp=sharing\">Carte plein \u00e9cran<\/a>, plus pratique.<\/p>\r\n<p>&nbsp;<\/p>\r\n\r\n\r\n\r\n<p><a href=\"http:\/\/www.wallogreen.pro\">www.wallogreen.pro<\/a> <strong>seulement<\/strong> pour clients <strong>professionnels<\/strong>, fournisseurs, collaborateurs, foires horticoles, presse&#8230;<\/p>\r\n\r\n\r\n\r\n\r\n\r\n\r\n\r\n\r\n\r\n\r\n","protected":false},"excerpt":{"rendered":"<p>Facebook (WalloGreen) &#8211;\u00a0 Instagram (wallogreen) contact@wallo.green\u00a0 &#8211;\u00a0 www.wallo.green Nous sommes dans la r\u00e9gion de Fleurus (6220). Ces prochaines semaines, nous sommes invit\u00e9s et seront pr\u00e9sents sur le terrain de nos amis des Petits Fruits de Mellet, vous pouvez vous y rendre en suivant ce plan : PDF ou image. Sauf si dans un article de [&hellip;]<\/p>\n","protected":false},"author":1,"featured_media":0,"parent":0,"menu_order":0,"comment_status":"closed","ping_status":"closed","template":"","meta":{"footnotes":""},"class_list":["post-73","page","type-page","status-publish","hentry"],"_links":{"self":[{"href":"https:\/\/www.wallo.green\/blogshop\/wp-json\/wp\/v2\/pages\/73","targetHints":{"allow":["GET"]}}],"collection":[{"href":"https:\/\/www.wallo.green\/blogshop\/wp-json\/wp\/v2\/pages"}],"about":[{"href":"https:\/\/www.wallo.green\/blogshop\/wp-json\/wp\/v2\/types\/page"}],"author":[{"embeddable":true,"href":"https:\/\/www.wallo.green\/blogshop\/wp-json\/wp\/v2\/users\/1"}],"replies":[{"embeddable":true,"href":"https:\/\/www.wallo.green\/blogshop\/wp-json\/wp\/v2\/comments?post=73"}],"version-history":[{"count":53,"href":"https:\/\/www.wallo.green\/blogshop\/wp-json\/wp\/v2\/pages\/73\/revisions"}],"predecessor-version":[{"id":2441,"href":"https:\/\/www.wallo.green\/blogshop\/wp-json\/wp\/v2\/pages\/73\/revisions\/2441"}],"wp:attachment":[{"href":"https:\/\/www.wallo.green\/blogshop\/wp-json\/wp\/v2\/media?parent=73"}],"curies":[{"name":"wp","href":"https:\/\/api.w.org\/{rel}","templated":true}]}}