{"id":56,"date":"2020-08-15T22:23:50","date_gmt":"2020-08-15T20:23:50","guid":{"rendered":"http:\/\/www.wallo.green\/blogshop\/?page_id=56"},"modified":"2025-02-08T17:50:15","modified_gmt":"2025-02-08T16:50:15","slug":"autre-plantes-graines-greffons-boutures","status":"publish","type":"page","link":"https:\/\/www.wallo.green\/blogshop\/boutique\/autre-plantes-graines-greffons-boutures\/","title":{"rendered":"Les graines, greffons &#038; boutures"},"content":{"rendered":"<p>Un tableau recensant toutes les vari\u00e9t\u00e9s que nous avons en collection (plantes en p\u00e9pini\u00e8re, jardin priv\u00e9, essais comparatifs et semences) : <strong>voici la liste de nos plantes la plus \u00e0 jour :<\/strong><strong> <a href=\"http:\/\/www.wallo.green\/x\/22\">wallo.green\/x\/22<\/a>.<\/strong><\/p>\r\n<p>Pour certains v\u00e9g\u00e9taux il sera possible d&#8217;acheter :<\/p>\r\n<ul>\r\n<li>des <a href=\"https:\/\/www.wallo.green\/acheter\/74-semences\"><strong>semences<\/strong><\/a> : 6 \u20ac le sachet, <em>toute l&#8217;ann\u00e9e<\/em><\/li>\r\n<li>des rameaux \u00e0 <a href=\"https:\/\/www.wallo.green\/acheter\/23-graines-boutures-greffons\"><strong>bouturer<\/strong><\/a> : 6 \u20ac pour une section de 20 \u00e0 30 cm<\/li>\r\n<li>des rameaux \u00e0 <a href=\"https:\/\/www.wallo.green\/acheter\/23-graines-boutures-greffons\"><strong>greffer<\/strong><\/a> : 8 \u20ac pour une tige avec 4 \u00e0 6 bourgeons<\/li>\r\n<\/ul>\r\n<p>Pourquoi si cher ? Le sachet de semence, on va perdre facilement une demi-heure (retrouver, \u00e9tiqueter&#8230;), les rameaux et greffons, il y a le d\u00e9placement aux diff\u00e9rentes adresses o\u00f9 sont nos pieds-m\u00e8res&#8230;\u00a0<\/p>\r\n<p>Si vous ne ratez pas l&#8217;enracinement, vous aurez 2 \u00e0 4 plants pour 6 \u20ac, ou pour les greffes, 4 \u00e0 6 exemplaires de la vari\u00e9t\u00e9 pour 8 \u20ac&#8230;<\/p>\r\n<p>Vous pourrez aussi pr\u00e9commander des <a href=\"https:\/\/www.wallo.green\/acheter\/76-porte-greffes\">porte-greffes<\/a> de haute qualit\u00e9 agronomique. <\/p>\r\n<p><a href=\"https:\/\/www.wallo.green\/blogshop\/wp-content\/uploads\/2020\/09\/scions.jpg\"><img loading=\"lazy\" decoding=\"async\" class=\"aligncenter size-large wp-image-395\" src=\"https:\/\/www.wallo.green\/blogshop\/wp-content\/uploads\/2020\/09\/scions-1024x786.jpg\" alt=\"\" width=\"580\" height=\"445\" srcset=\"https:\/\/www.wallo.green\/blogshop\/wp-content\/uploads\/2020\/09\/scions-1024x786.jpg 1024w, https:\/\/www.wallo.green\/blogshop\/wp-content\/uploads\/2020\/09\/scions-300x230.jpg 300w, https:\/\/www.wallo.green\/blogshop\/wp-content\/uploads\/2020\/09\/scions-768x589.jpg 768w, https:\/\/www.wallo.green\/blogshop\/wp-content\/uploads\/2020\/09\/scions-640x491.jpg 640w, https:\/\/www.wallo.green\/blogshop\/wp-content\/uploads\/2020\/09\/scions.jpg 1200w\" sizes=\"auto, (max-width: 580px) 100vw, 580px\" \/><\/a><\/p>\r\n","protected":false},"excerpt":{"rendered":"<p>Un tableau recensant toutes les vari\u00e9t\u00e9s que nous avons en collection (plantes en p\u00e9pini\u00e8re, jardin priv\u00e9, essais comparatifs et semences) : voici la liste de nos plantes la plus \u00e0 jour : wallo.green\/x\/22. Pour certains v\u00e9g\u00e9taux il sera possible d&#8217;acheter : des semences : 6 \u20ac le sachet, toute l&#8217;ann\u00e9e des rameaux \u00e0 bouturer : [&hellip;]<\/p>\n","protected":false},"author":1,"featured_media":0,"parent":9,"menu_order":0,"comment_status":"closed","ping_status":"closed","template":"","meta":{"footnotes":""},"class_list":["post-56","page","type-page","status-publish","hentry"],"_links":{"self":[{"href":"https:\/\/www.wallo.green\/blogshop\/wp-json\/wp\/v2\/pages\/56","targetHints":{"allow":["GET"]}}],"collection":[{"href":"https:\/\/www.wallo.green\/blogshop\/wp-json\/wp\/v2\/pages"}],"about":[{"href":"https:\/\/www.wallo.green\/blogshop\/wp-json\/wp\/v2\/types\/page"}],"author":[{"embeddable":true,"href":"https:\/\/www.wallo.green\/blogshop\/wp-json\/wp\/v2\/users\/1"}],"replies":[{"embeddable":true,"href":"https:\/\/www.wallo.green\/blogshop\/wp-json\/wp\/v2\/comments?post=56"}],"version-history":[{"count":20,"href":"https:\/\/www.wallo.green\/blogshop\/wp-json\/wp\/v2\/pages\/56\/revisions"}],"predecessor-version":[{"id":2174,"href":"https:\/\/www.wallo.green\/blogshop\/wp-json\/wp\/v2\/pages\/56\/revisions\/2174"}],"up":[{"embeddable":true,"href":"https:\/\/www.wallo.green\/blogshop\/wp-json\/wp\/v2\/pages\/9"}],"wp:attachment":[{"href":"https:\/\/www.wallo.green\/blogshop\/wp-json\/wp\/v2\/media?parent=56"}],"curies":[{"name":"wp","href":"https:\/\/api.w.org\/{rel}","templated":true}]}}