{"id":50,"date":"2020-08-15T22:21:03","date_gmt":"2020-08-15T20:21:03","guid":{"rendered":"http:\/\/www.wallo.green\/blogshop\/?page_id=50"},"modified":"2023-03-09T18:24:03","modified_gmt":"2023-03-09T17:24:03","slug":"muriers","status":"publish","type":"page","link":"https:\/\/www.wallo.green\/blogshop\/boutique\/les-comestibles-ligneuses\/muriers\/","title":{"rendered":"Les m\u00fbriers"},"content":{"rendered":"\r\n<p><span style=\"font-size: 12pt; color: #808080;\">[<em>Page obsol\u00e8te\/incompl\u00e8te qui doit \u00eatre refaite&#8230; consultez la page d&#8217;accueil du blog et les actualit\u00e9s r\u00e9centes&#8230;<\/em>]<\/span><\/p>\r\n<p>Les Morus\u00a0 &#8211;\u00a0 <a href=\"https:\/\/www.wallo.green\/shop\/46-muriers-en-arbre\">Acheter en ligne<\/a><\/p>\r\n<ul>\r\n<li>A<\/li>\r\n<li>B<\/li>\r\n<li>C<\/li>\r\n<\/ul>\r\n<p style=\"text-align: center;\"><a href=\"https:\/\/www.wallo.green\/blogshop\/boutique\/les-comestibles-ligneuses\/\">Ligneux<\/a>\u00a0 &#8211;\u00a0 <a href=\"https:\/\/www.wallo.green\/blogshop\/boutique\/les-comestibles-herbacees\/\">Herbac\u00e9<\/a>\u00a0 &#8211;\u00a0 <a href=\"https:\/\/www.wallo.green\/blogshop\/boutique\/les-ornementales\/\">Ornemental<\/a>\u00a0 &#8211;\u00a0 <a href=\"https:\/\/www.wallo.green\/blogshop\/boutique\/autre-plantes-graines-greffons-boutures\/\">Sp\u00e9cial<\/a>\u00a0 &#8211;\u00a0 <a href=\"https:\/\/www.wallo.green\/blogshop\/boutique\/le-materiel\/\">Mat\u00e9riel<\/a>\u00a0 &#8211;\u00a0 <a href=\"https:\/\/www.wallo.green\/blogshop\/promos\/\">Promos<\/a><\/p>\r\n<p><a href=\"https:\/\/www.wallo.green\/blogshop\/wp-content\/uploads\/2020\/09\/obrazek_1166_1.jpg\"><img loading=\"lazy\" decoding=\"async\" class=\"aligncenter size-full wp-image-397\" src=\"https:\/\/www.wallo.green\/blogshop\/wp-content\/uploads\/2020\/09\/obrazek_1166_1.jpg\" alt=\"\" width=\"1000\" height=\"733\" srcset=\"https:\/\/www.wallo.green\/blogshop\/wp-content\/uploads\/2020\/09\/obrazek_1166_1.jpg 1000w, https:\/\/www.wallo.green\/blogshop\/wp-content\/uploads\/2020\/09\/obrazek_1166_1-300x220.jpg 300w, https:\/\/www.wallo.green\/blogshop\/wp-content\/uploads\/2020\/09\/obrazek_1166_1-768x563.jpg 768w, https:\/\/www.wallo.green\/blogshop\/wp-content\/uploads\/2020\/09\/obrazek_1166_1-640x469.jpg 640w\" sizes=\"auto, (max-width: 1000px) 100vw, 1000px\" \/><\/a><\/p>\r\n","protected":false},"excerpt":{"rendered":"<p>[Page obsol\u00e8te\/incompl\u00e8te qui doit \u00eatre refaite&#8230; consultez la page d&#8217;accueil du blog et les actualit\u00e9s r\u00e9centes&#8230;] Les Morus\u00a0 &#8211;\u00a0 Acheter en ligne A B C Ligneux\u00a0 &#8211;\u00a0 Herbac\u00e9\u00a0 &#8211;\u00a0 Ornemental\u00a0 &#8211;\u00a0 Sp\u00e9cial\u00a0 &#8211;\u00a0 Mat\u00e9riel\u00a0 &#8211;\u00a0 Promos<\/p>\n","protected":false},"author":1,"featured_media":0,"parent":179,"menu_order":0,"comment_status":"closed","ping_status":"closed","template":"","meta":{"footnotes":""},"class_list":["post-50","page","type-page","status-publish","hentry"],"_links":{"self":[{"href":"https:\/\/www.wallo.green\/blogshop\/wp-json\/wp\/v2\/pages\/50","targetHints":{"allow":["GET"]}}],"collection":[{"href":"https:\/\/www.wallo.green\/blogshop\/wp-json\/wp\/v2\/pages"}],"about":[{"href":"https:\/\/www.wallo.green\/blogshop\/wp-json\/wp\/v2\/types\/page"}],"author":[{"embeddable":true,"href":"https:\/\/www.wallo.green\/blogshop\/wp-json\/wp\/v2\/users\/1"}],"replies":[{"embeddable":true,"href":"https:\/\/www.wallo.green\/blogshop\/wp-json\/wp\/v2\/comments?post=50"}],"version-history":[{"count":14,"href":"https:\/\/www.wallo.green\/blogshop\/wp-json\/wp\/v2\/pages\/50\/revisions"}],"predecessor-version":[{"id":1364,"href":"https:\/\/www.wallo.green\/blogshop\/wp-json\/wp\/v2\/pages\/50\/revisions\/1364"}],"up":[{"embeddable":true,"href":"https:\/\/www.wallo.green\/blogshop\/wp-json\/wp\/v2\/pages\/179"}],"wp:attachment":[{"href":"https:\/\/www.wallo.green\/blogshop\/wp-json\/wp\/v2\/media?parent=50"}],"curies":[{"name":"wp","href":"https:\/\/api.w.org\/{rel}","templated":true}]}}