{"id":48,"date":"2020-08-15T22:19:44","date_gmt":"2020-08-15T20:19:44","guid":{"rendered":"http:\/\/www.wallo.green\/blogshop\/?page_id=48"},"modified":"2023-03-09T18:23:43","modified_gmt":"2023-03-09T17:23:43","slug":"cornouillers","status":"publish","type":"page","link":"https:\/\/www.wallo.green\/blogshop\/boutique\/les-comestibles-ligneuses\/cornouillers\/","title":{"rendered":"Les cornouillers"},"content":{"rendered":"\r\n<p><span style=\"color: #808080; font-size: 12pt;\">[<em>Page obsol\u00e8te\/incompl\u00e8te qui doit \u00eatre refaite&#8230; consultez la page d&#8217;accueil du blog et les actualit\u00e9s r\u00e9centes&#8230;<\/em>]<\/span><\/p>\r\n<p>Les Cornus (majoritairement mas)\u00a0 &#8211;\u00a0 <a href=\"https:\/\/www.wallo.green\/shop\/40-cornouilles\">Acheter en ligne<\/a><\/p>\r\n<ul>\r\n<li>A<\/li>\r\n<li>B<\/li>\r\n<li>C<\/li>\r\n<\/ul>\r\n<p style=\"text-align: center;\"><a href=\"https:\/\/www.wallo.green\/blogshop\/boutique\/les-comestibles-ligneuses\/\">Ligneux<\/a>\u00a0 &#8211;\u00a0 <a href=\"https:\/\/www.wallo.green\/blogshop\/boutique\/les-comestibles-herbacees\/\">Herbac\u00e9<\/a>\u00a0 &#8211;\u00a0 <a href=\"https:\/\/www.wallo.green\/blogshop\/boutique\/les-ornementales\/\">Ornemental<\/a>\u00a0 &#8211;\u00a0 <a href=\"https:\/\/www.wallo.green\/blogshop\/boutique\/autre-plantes-graines-greffons-boutures\/\">Sp\u00e9cial<\/a>\u00a0 &#8211;\u00a0 <a href=\"https:\/\/www.wallo.green\/blogshop\/boutique\/le-materiel\/\">Mat\u00e9riel<\/a>\u00a0 &#8211;\u00a0 <a href=\"https:\/\/www.wallo.green\/blogshop\/promos\/\">Promos<\/a><\/p>\r\n<p><a href=\"https:\/\/www.wallo.green\/blogshop\/wp-content\/uploads\/2020\/09\/Elegantnyj3-scaled.jpg\"><img loading=\"lazy\" decoding=\"async\" class=\"aligncenter size-large wp-image-400\" src=\"https:\/\/www.wallo.green\/blogshop\/wp-content\/uploads\/2020\/09\/Elegantnyj3-1024x642.jpg\" alt=\"\" width=\"580\" height=\"364\" srcset=\"https:\/\/www.wallo.green\/blogshop\/wp-content\/uploads\/2020\/09\/Elegantnyj3-1024x642.jpg 1024w, https:\/\/www.wallo.green\/blogshop\/wp-content\/uploads\/2020\/09\/Elegantnyj3-300x188.jpg 300w, https:\/\/www.wallo.green\/blogshop\/wp-content\/uploads\/2020\/09\/Elegantnyj3-768x482.jpg 768w, https:\/\/www.wallo.green\/blogshop\/wp-content\/uploads\/2020\/09\/Elegantnyj3-1536x963.jpg 1536w, https:\/\/www.wallo.green\/blogshop\/wp-content\/uploads\/2020\/09\/Elegantnyj3-2048x1284.jpg 2048w, https:\/\/www.wallo.green\/blogshop\/wp-content\/uploads\/2020\/09\/Elegantnyj3-640x401.jpg 640w, https:\/\/www.wallo.green\/blogshop\/wp-content\/uploads\/2020\/09\/Elegantnyj3-1200x752.jpg 1200w, https:\/\/www.wallo.green\/blogshop\/wp-content\/uploads\/2020\/09\/Elegantnyj3-1980x1242.jpg 1980w\" sizes=\"auto, (max-width: 580px) 100vw, 580px\" \/><\/a><\/p>\r\n","protected":false},"excerpt":{"rendered":"<p>[Page obsol\u00e8te\/incompl\u00e8te qui doit \u00eatre refaite&#8230; consultez la page d&#8217;accueil du blog et les actualit\u00e9s r\u00e9centes&#8230;] Les Cornus (majoritairement mas)\u00a0 &#8211;\u00a0 Acheter en ligne A B C Ligneux\u00a0 &#8211;\u00a0 Herbac\u00e9\u00a0 &#8211;\u00a0 Ornemental\u00a0 &#8211;\u00a0 Sp\u00e9cial\u00a0 &#8211;\u00a0 Mat\u00e9riel\u00a0 &#8211;\u00a0 Promos<\/p>\n","protected":false},"author":1,"featured_media":0,"parent":179,"menu_order":0,"comment_status":"closed","ping_status":"closed","template":"","meta":{"footnotes":""},"class_list":["post-48","page","type-page","status-publish","hentry"],"_links":{"self":[{"href":"https:\/\/www.wallo.green\/blogshop\/wp-json\/wp\/v2\/pages\/48","targetHints":{"allow":["GET"]}}],"collection":[{"href":"https:\/\/www.wallo.green\/blogshop\/wp-json\/wp\/v2\/pages"}],"about":[{"href":"https:\/\/www.wallo.green\/blogshop\/wp-json\/wp\/v2\/types\/page"}],"author":[{"embeddable":true,"href":"https:\/\/www.wallo.green\/blogshop\/wp-json\/wp\/v2\/users\/1"}],"replies":[{"embeddable":true,"href":"https:\/\/www.wallo.green\/blogshop\/wp-json\/wp\/v2\/comments?post=48"}],"version-history":[{"count":13,"href":"https:\/\/www.wallo.green\/blogshop\/wp-json\/wp\/v2\/pages\/48\/revisions"}],"predecessor-version":[{"id":1363,"href":"https:\/\/www.wallo.green\/blogshop\/wp-json\/wp\/v2\/pages\/48\/revisions\/1363"}],"up":[{"embeddable":true,"href":"https:\/\/www.wallo.green\/blogshop\/wp-json\/wp\/v2\/pages\/179"}],"wp:attachment":[{"href":"https:\/\/www.wallo.green\/blogshop\/wp-json\/wp\/v2\/media?parent=48"}],"curies":[{"name":"wp","href":"https:\/\/api.w.org\/{rel}","templated":true}]}}