{"id":46,"date":"2020-08-15T22:18:26","date_gmt":"2020-08-15T20:18:26","guid":{"rendered":"http:\/\/www.wallo.green\/blogshop\/?page_id=46"},"modified":"2023-03-09T18:22:56","modified_gmt":"2023-03-09T17:22:56","slug":"camerisiers-haskaps","status":"publish","type":"page","link":"https:\/\/www.wallo.green\/blogshop\/boutique\/les-comestibles-ligneuses\/camerisiers-haskaps\/","title":{"rendered":"Les camerisiers\/haskaps"},"content":{"rendered":"\r\n<p><span style=\"color: #808080; font-size: 12pt;\">[<em>Page obsol\u00e8te\/incompl\u00e8te qui doit \u00eatre refaite&#8230; consultez la page d&#8217;accueil du blog et les actualit\u00e9s r\u00e9centes&#8230;<\/em>]<\/span><\/p>\r\n<p>Les Lonicera caerulea\u00a0 &#8211;\u00a0 <a href=\"https:\/\/www.wallo.green\/shop\/42-camerises-haskaps\">Acheter en ligne<\/a><\/p>\r\n<ul>\r\n<li>A<\/li>\r\n<li>B<\/li>\r\n<li>C<\/li>\r\n<\/ul>\r\n<p><iframe loading=\"lazy\" title=\"La camerise (Haskap), dr\u00f4le de petit fruit, Radio Canada, 2013\" src=\"https:\/\/player.vimeo.com\/video\/83834626?dnt=1&amp;app_id=122963\" width=\"480\" height=\"272\" frameborder=\"0\" allow=\"autoplay; fullscreen; picture-in-picture; clipboard-write\"><\/iframe><\/p>\r\n<p><em>Les <strong>bleuets<\/strong> cit\u00e9s sont les myrtilles modernes !<br \/><\/em><\/p>\r\n<p style=\"text-align: center;\"><a href=\"https:\/\/www.wallo.green\/blogshop\/boutique\/les-comestibles-ligneuses\/\">Ligneux<\/a>\u00a0 &#8211;\u00a0 <a href=\"https:\/\/www.wallo.green\/blogshop\/boutique\/les-comestibles-herbacees\/\">Herbac\u00e9<\/a>\u00a0 &#8211;\u00a0 <a href=\"https:\/\/www.wallo.green\/blogshop\/boutique\/les-ornementales\/\">Ornemental<\/a>\u00a0 &#8211;\u00a0 <a href=\"https:\/\/www.wallo.green\/blogshop\/boutique\/autre-plantes-graines-greffons-boutures\/\">Sp\u00e9cial<\/a>\u00a0 &#8211;\u00a0 <a href=\"https:\/\/www.wallo.green\/blogshop\/boutique\/le-materiel\/\">Mat\u00e9riel<\/a>\u00a0 &#8211;\u00a0 <a href=\"https:\/\/www.wallo.green\/blogshop\/promos\/\">Promos<\/a><\/p>\r\n","protected":false},"excerpt":{"rendered":"<p>[Page obsol\u00e8te\/incompl\u00e8te qui doit \u00eatre refaite&#8230; consultez la page d&#8217;accueil du blog et les actualit\u00e9s r\u00e9centes&#8230;] Les Lonicera caerulea\u00a0 &#8211;\u00a0 Acheter en ligne A B C Les bleuets cit\u00e9s sont les myrtilles modernes ! Ligneux\u00a0 &#8211;\u00a0 Herbac\u00e9\u00a0 &#8211;\u00a0 Ornemental\u00a0 &#8211;\u00a0 Sp\u00e9cial\u00a0 &#8211;\u00a0 Mat\u00e9riel\u00a0 &#8211;\u00a0 Promos<\/p>\n","protected":false},"author":1,"featured_media":0,"parent":179,"menu_order":0,"comment_status":"closed","ping_status":"closed","template":"","meta":{"footnotes":""},"class_list":["post-46","page","type-page","status-publish","hentry"],"_links":{"self":[{"href":"https:\/\/www.wallo.green\/blogshop\/wp-json\/wp\/v2\/pages\/46","targetHints":{"allow":["GET"]}}],"collection":[{"href":"https:\/\/www.wallo.green\/blogshop\/wp-json\/wp\/v2\/pages"}],"about":[{"href":"https:\/\/www.wallo.green\/blogshop\/wp-json\/wp\/v2\/types\/page"}],"author":[{"embeddable":true,"href":"https:\/\/www.wallo.green\/blogshop\/wp-json\/wp\/v2\/users\/1"}],"replies":[{"embeddable":true,"href":"https:\/\/www.wallo.green\/blogshop\/wp-json\/wp\/v2\/comments?post=46"}],"version-history":[{"count":15,"href":"https:\/\/www.wallo.green\/blogshop\/wp-json\/wp\/v2\/pages\/46\/revisions"}],"predecessor-version":[{"id":1362,"href":"https:\/\/www.wallo.green\/blogshop\/wp-json\/wp\/v2\/pages\/46\/revisions\/1362"}],"up":[{"embeddable":true,"href":"https:\/\/www.wallo.green\/blogshop\/wp-json\/wp\/v2\/pages\/179"}],"wp:attachment":[{"href":"https:\/\/www.wallo.green\/blogshop\/wp-json\/wp\/v2\/media?parent=46"}],"curies":[{"name":"wp","href":"https:\/\/api.w.org\/{rel}","templated":true}]}}