{"id":44,"date":"2020-08-15T22:16:11","date_gmt":"2020-08-15T20:16:11","guid":{"rendered":"http:\/\/www.wallo.green\/blogshop\/?page_id=44"},"modified":"2023-03-09T18:21:57","modified_gmt":"2023-03-09T17:21:57","slug":"argousiers","status":"publish","type":"page","link":"https:\/\/www.wallo.green\/blogshop\/boutique\/les-comestibles-ligneuses\/argousiers\/","title":{"rendered":"Les argousiers"},"content":{"rendered":"\r\n<p><span style=\"font-size: 12pt; color: #808080;\">[<em>Page obsol\u00e8te\/incompl\u00e8te qui doit \u00eatre refaite&#8230; consultez la page d&#8217;accueil du blog et les actualit\u00e9s r\u00e9centes&#8230;<\/em>]<\/span><\/p>\r\n<p>Les Hippophae rhamnoides\u00a0 &#8211;\u00a0 <a href=\"https:\/\/www.wallo.green\/shop\/62-argousiers\">Acheter en ligne<\/a><\/p>\r\n<ul>\r\n<li>A<\/li>\r\n<li>B<\/li>\r\n<li>C<\/li>\r\n<\/ul>\r\n<p style=\"text-align: center;\"><a href=\"https:\/\/www.wallo.green\/blogshop\/boutique\/les-comestibles-ligneuses\/\">Ligneux<\/a>\u00a0 &#8211;\u00a0 <a href=\"https:\/\/www.wallo.green\/blogshop\/boutique\/les-comestibles-herbacees\/\">Herbac\u00e9<\/a>\u00a0 &#8211;\u00a0 <a href=\"https:\/\/www.wallo.green\/blogshop\/boutique\/les-ornementales\/\">Ornemental<\/a>\u00a0 &#8211;\u00a0 <a href=\"https:\/\/www.wallo.green\/blogshop\/boutique\/autre-plantes-graines-greffons-boutures\/\">Sp\u00e9cial<\/a>\u00a0 &#8211;\u00a0 <a href=\"https:\/\/www.wallo.green\/blogshop\/boutique\/le-materiel\/\">Mat\u00e9riel<\/a>\u00a0 &#8211;\u00a0 <a href=\"https:\/\/www.wallo.green\/blogshop\/promos\/\">Promos<\/a><\/p>\r\n<p><a href=\"https:\/\/www.wallo.green\/blogshop\/wp-content\/uploads\/2020\/09\/hippophae-rhamnoides-orange-energy-8.jpg\"><img loading=\"lazy\" decoding=\"async\" class=\"aligncenter size-full wp-image-405\" src=\"https:\/\/www.wallo.green\/blogshop\/wp-content\/uploads\/2020\/09\/hippophae-rhamnoides-orange-energy-8.jpg\" alt=\"\" width=\"850\" height=\"638\" srcset=\"https:\/\/www.wallo.green\/blogshop\/wp-content\/uploads\/2020\/09\/hippophae-rhamnoides-orange-energy-8.jpg 850w, https:\/\/www.wallo.green\/blogshop\/wp-content\/uploads\/2020\/09\/hippophae-rhamnoides-orange-energy-8-300x225.jpg 300w, https:\/\/www.wallo.green\/blogshop\/wp-content\/uploads\/2020\/09\/hippophae-rhamnoides-orange-energy-8-768x576.jpg 768w, https:\/\/www.wallo.green\/blogshop\/wp-content\/uploads\/2020\/09\/hippophae-rhamnoides-orange-energy-8-640x480.jpg 640w\" sizes=\"auto, (max-width: 850px) 100vw, 850px\" \/><\/a><\/p>\r\n","protected":false},"excerpt":{"rendered":"<p>[Page obsol\u00e8te\/incompl\u00e8te qui doit \u00eatre refaite&#8230; consultez la page d&#8217;accueil du blog et les actualit\u00e9s r\u00e9centes&#8230;] Les Hippophae rhamnoides\u00a0 &#8211;\u00a0 Acheter en ligne A B C Ligneux\u00a0 &#8211;\u00a0 Herbac\u00e9\u00a0 &#8211;\u00a0 Ornemental\u00a0 &#8211;\u00a0 Sp\u00e9cial\u00a0 &#8211;\u00a0 Mat\u00e9riel\u00a0 &#8211;\u00a0 Promos<\/p>\n","protected":false},"author":1,"featured_media":0,"parent":179,"menu_order":0,"comment_status":"closed","ping_status":"closed","template":"","meta":{"footnotes":""},"class_list":["post-44","page","type-page","status-publish","hentry"],"_links":{"self":[{"href":"https:\/\/www.wallo.green\/blogshop\/wp-json\/wp\/v2\/pages\/44","targetHints":{"allow":["GET"]}}],"collection":[{"href":"https:\/\/www.wallo.green\/blogshop\/wp-json\/wp\/v2\/pages"}],"about":[{"href":"https:\/\/www.wallo.green\/blogshop\/wp-json\/wp\/v2\/types\/page"}],"author":[{"embeddable":true,"href":"https:\/\/www.wallo.green\/blogshop\/wp-json\/wp\/v2\/users\/1"}],"replies":[{"embeddable":true,"href":"https:\/\/www.wallo.green\/blogshop\/wp-json\/wp\/v2\/comments?post=44"}],"version-history":[{"count":12,"href":"https:\/\/www.wallo.green\/blogshop\/wp-json\/wp\/v2\/pages\/44\/revisions"}],"predecessor-version":[{"id":1360,"href":"https:\/\/www.wallo.green\/blogshop\/wp-json\/wp\/v2\/pages\/44\/revisions\/1360"}],"up":[{"embeddable":true,"href":"https:\/\/www.wallo.green\/blogshop\/wp-json\/wp\/v2\/pages\/179"}],"wp:attachment":[{"href":"https:\/\/www.wallo.green\/blogshop\/wp-json\/wp\/v2\/media?parent=44"}],"curies":[{"name":"wp","href":"https:\/\/api.w.org\/{rel}","templated":true}]}}