{"id":303,"date":"2020-09-08T21:23:37","date_gmt":"2020-09-08T19:23:37","guid":{"rendered":"https:\/\/www.wallo.green\/blogshop\/?page_id=303"},"modified":"2025-02-08T17:50:58","modified_gmt":"2025-02-08T16:50:58","slug":"le-materiel","status":"publish","type":"page","link":"https:\/\/www.wallo.green\/blogshop\/boutique\/le-materiel\/","title":{"rendered":"Le mat\u00e9riel &#038; accessoires"},"content":{"rendered":"<p>Les fournitures de qualit\u00e9 professionnelle pour un succ\u00e8s assur\u00e9 !<\/p>\n<p><a href=\"https:\/\/www.wallo.green\/acheter\/25-materiel-et-accessoires\">Acheter en ligne<\/a><\/p>\n<ul>\n<li><strong>Filets<\/strong> \u00e0 ramer de haute r\u00e9sistance pour plantes grimpantes d\u00e9coratives ou comestibles<\/li>\n<li><strong>Voiles<\/strong> d&#8217;ombrage, brise-vent, anti-insectes de haute qualit\u00e9<\/li>\n<li><strong>Engrais<\/strong> soluble pro<\/li>\n<li><strong>Hormones<\/strong> de bouturage<\/li>\n<li><strong>H\u00e9licide<\/strong> bio<\/li>\n<li>Pots et accessoires \u00e0 <strong>choucroute<\/strong><\/li>\n<li>&#8230;<\/li>\n<\/ul>\n<p><a href=\"https:\/\/www.wallo.green\/blogshop\/wp-content\/uploads\/2023\/03\/filet-ultrasolide-noue-25-mm-maille-13-cm-largeur-4-m.jpg\"><img loading=\"lazy\" decoding=\"async\" class=\"aligncenter size-full wp-image-1389\" src=\"https:\/\/www.wallo.green\/blogshop\/wp-content\/uploads\/2023\/03\/filet-ultrasolide-noue-25-mm-maille-13-cm-largeur-4-m.jpg\" alt=\"\" width=\"800\" height=\"800\" srcset=\"https:\/\/www.wallo.green\/blogshop\/wp-content\/uploads\/2023\/03\/filet-ultrasolide-noue-25-mm-maille-13-cm-largeur-4-m.jpg 800w, https:\/\/www.wallo.green\/blogshop\/wp-content\/uploads\/2023\/03\/filet-ultrasolide-noue-25-mm-maille-13-cm-largeur-4-m-300x300.jpg 300w, https:\/\/www.wallo.green\/blogshop\/wp-content\/uploads\/2023\/03\/filet-ultrasolide-noue-25-mm-maille-13-cm-largeur-4-m-150x150.jpg 150w, https:\/\/www.wallo.green\/blogshop\/wp-content\/uploads\/2023\/03\/filet-ultrasolide-noue-25-mm-maille-13-cm-largeur-4-m-768x768.jpg 768w, https:\/\/www.wallo.green\/blogshop\/wp-content\/uploads\/2023\/03\/filet-ultrasolide-noue-25-mm-maille-13-cm-largeur-4-m-640x640.jpg 640w\" sizes=\"auto, (max-width: 800px) 100vw, 800px\" \/><\/a> <a href=\"https:\/\/www.wallo.green\/blogshop\/wp-content\/uploads\/2023\/03\/sauerkraut-topf-30-liter-roto-choucroute-fass.jpg\"><img loading=\"lazy\" decoding=\"async\" class=\"aligncenter size-full wp-image-1390\" src=\"https:\/\/www.wallo.green\/blogshop\/wp-content\/uploads\/2023\/03\/sauerkraut-topf-30-liter-roto-choucroute-fass.jpg\" alt=\"\" width=\"800\" height=\"800\" srcset=\"https:\/\/www.wallo.green\/blogshop\/wp-content\/uploads\/2023\/03\/sauerkraut-topf-30-liter-roto-choucroute-fass.jpg 800w, https:\/\/www.wallo.green\/blogshop\/wp-content\/uploads\/2023\/03\/sauerkraut-topf-30-liter-roto-choucroute-fass-300x300.jpg 300w, https:\/\/www.wallo.green\/blogshop\/wp-content\/uploads\/2023\/03\/sauerkraut-topf-30-liter-roto-choucroute-fass-150x150.jpg 150w, https:\/\/www.wallo.green\/blogshop\/wp-content\/uploads\/2023\/03\/sauerkraut-topf-30-liter-roto-choucroute-fass-768x768.jpg 768w, https:\/\/www.wallo.green\/blogshop\/wp-content\/uploads\/2023\/03\/sauerkraut-topf-30-liter-roto-choucroute-fass-640x640.jpg 640w\" sizes=\"auto, (max-width: 800px) 100vw, 800px\" \/><\/a> <a href=\"https:\/\/www.wallo.green\/blogshop\/wp-content\/uploads\/2023\/03\/voile-brise-vent-noir-55-oeillets-largeur-2-metres.jpg\"><img loading=\"lazy\" decoding=\"async\" class=\"aligncenter size-full wp-image-1391\" src=\"https:\/\/www.wallo.green\/blogshop\/wp-content\/uploads\/2023\/03\/voile-brise-vent-noir-55-oeillets-largeur-2-metres.jpg\" alt=\"\" width=\"800\" height=\"800\" srcset=\"https:\/\/www.wallo.green\/blogshop\/wp-content\/uploads\/2023\/03\/voile-brise-vent-noir-55-oeillets-largeur-2-metres.jpg 800w, https:\/\/www.wallo.green\/blogshop\/wp-content\/uploads\/2023\/03\/voile-brise-vent-noir-55-oeillets-largeur-2-metres-300x300.jpg 300w, https:\/\/www.wallo.green\/blogshop\/wp-content\/uploads\/2023\/03\/voile-brise-vent-noir-55-oeillets-largeur-2-metres-150x150.jpg 150w, https:\/\/www.wallo.green\/blogshop\/wp-content\/uploads\/2023\/03\/voile-brise-vent-noir-55-oeillets-largeur-2-metres-768x768.jpg 768w, https:\/\/www.wallo.green\/blogshop\/wp-content\/uploads\/2023\/03\/voile-brise-vent-noir-55-oeillets-largeur-2-metres-640x640.jpg 640w\" sizes=\"auto, (max-width: 800px) 100vw, 800px\" \/><\/a> <a href=\"https:\/\/www.wallo.green\/blogshop\/wp-content\/uploads\/2023\/03\/filet-anti-insectes-maille-08-mm-x-100-mm-largeur-24-m.jpg\"><img loading=\"lazy\" decoding=\"async\" class=\"aligncenter size-full wp-image-1388\" src=\"https:\/\/www.wallo.green\/blogshop\/wp-content\/uploads\/2023\/03\/filet-anti-insectes-maille-08-mm-x-100-mm-largeur-24-m.jpg\" alt=\"\" width=\"800\" height=\"800\" srcset=\"https:\/\/www.wallo.green\/blogshop\/wp-content\/uploads\/2023\/03\/filet-anti-insectes-maille-08-mm-x-100-mm-largeur-24-m.jpg 800w, https:\/\/www.wallo.green\/blogshop\/wp-content\/uploads\/2023\/03\/filet-anti-insectes-maille-08-mm-x-100-mm-largeur-24-m-300x300.jpg 300w, https:\/\/www.wallo.green\/blogshop\/wp-content\/uploads\/2023\/03\/filet-anti-insectes-maille-08-mm-x-100-mm-largeur-24-m-150x150.jpg 150w, https:\/\/www.wallo.green\/blogshop\/wp-content\/uploads\/2023\/03\/filet-anti-insectes-maille-08-mm-x-100-mm-largeur-24-m-768x768.jpg 768w, https:\/\/www.wallo.green\/blogshop\/wp-content\/uploads\/2023\/03\/filet-anti-insectes-maille-08-mm-x-100-mm-largeur-24-m-640x640.jpg 640w\" sizes=\"auto, (max-width: 800px) 100vw, 800px\" \/><\/a><\/p>\n","protected":false},"excerpt":{"rendered":"<p>Les fournitures de qualit\u00e9 professionnelle pour un succ\u00e8s assur\u00e9 ! Acheter en ligne Filets \u00e0 ramer de haute r\u00e9sistance pour plantes grimpantes d\u00e9coratives ou comestibles Voiles d&#8217;ombrage, brise-vent, anti-insectes de haute qualit\u00e9 Engrais soluble pro Hormones de bouturage H\u00e9licide bio Pots et accessoires \u00e0 choucroute &#8230;<\/p>\n","protected":false},"author":1,"featured_media":0,"parent":9,"menu_order":0,"comment_status":"closed","ping_status":"closed","template":"","meta":{"footnotes":""},"class_list":["post-303","page","type-page","status-publish","hentry"],"_links":{"self":[{"href":"https:\/\/www.wallo.green\/blogshop\/wp-json\/wp\/v2\/pages\/303","targetHints":{"allow":["GET"]}}],"collection":[{"href":"https:\/\/www.wallo.green\/blogshop\/wp-json\/wp\/v2\/pages"}],"about":[{"href":"https:\/\/www.wallo.green\/blogshop\/wp-json\/wp\/v2\/types\/page"}],"author":[{"embeddable":true,"href":"https:\/\/www.wallo.green\/blogshop\/wp-json\/wp\/v2\/users\/1"}],"replies":[{"embeddable":true,"href":"https:\/\/www.wallo.green\/blogshop\/wp-json\/wp\/v2\/comments?post=303"}],"version-history":[{"count":11,"href":"https:\/\/www.wallo.green\/blogshop\/wp-json\/wp\/v2\/pages\/303\/revisions"}],"predecessor-version":[{"id":2175,"href":"https:\/\/www.wallo.green\/blogshop\/wp-json\/wp\/v2\/pages\/303\/revisions\/2175"}],"up":[{"embeddable":true,"href":"https:\/\/www.wallo.green\/blogshop\/wp-json\/wp\/v2\/pages\/9"}],"wp:attachment":[{"href":"https:\/\/www.wallo.green\/blogshop\/wp-json\/wp\/v2\/media?parent=303"}],"curies":[{"name":"wp","href":"https:\/\/api.w.org\/{rel}","templated":true}]}}