{"id":252,"date":"2020-09-08T16:11:36","date_gmt":"2020-09-08T14:11:36","guid":{"rendered":"https:\/\/www.wallo.green\/blogshop\/?page_id=252"},"modified":"2023-12-11T07:59:00","modified_gmt":"2023-12-11T06:59:00","slug":"verte-alliance","status":"publish","type":"page","link":"https:\/\/www.wallo.green\/blogshop\/verte-alliance\/","title":{"rendered":"Verte Alliance"},"content":{"rendered":"<p>Un groupe informel de partenaires de grand m\u00e9rite :<\/p>\n<p>La <a href=\"https:\/\/lahunelle.be\/\">P\u00e9pini\u00e8re de la Hunelle<\/a> de Marie \u00e0 <a href=\"https:\/\/maps.app.goo.gl\/RwDY9nisjsbLSAvZ6\">Tongre-Saint-Martin<\/a>, sp\u00e9cialiste de la greffe fruiti\u00e8re et production d&#8217;arbres fruitiers<\/p>\n","protected":false},"excerpt":{"rendered":"<p>Un groupe informel de partenaires de grand m\u00e9rite : La P\u00e9pini\u00e8re de la Hunelle de Marie \u00e0 Tongre-Saint-Martin, sp\u00e9cialiste de la greffe fruiti\u00e8re et production d&#8217;arbres fruitiers<\/p>\n","protected":false},"author":1,"featured_media":0,"parent":0,"menu_order":0,"comment_status":"closed","ping_status":"closed","template":"","meta":{"footnotes":""},"class_list":["post-252","page","type-page","status-publish","hentry"],"_links":{"self":[{"href":"https:\/\/www.wallo.green\/blogshop\/wp-json\/wp\/v2\/pages\/252","targetHints":{"allow":["GET"]}}],"collection":[{"href":"https:\/\/www.wallo.green\/blogshop\/wp-json\/wp\/v2\/pages"}],"about":[{"href":"https:\/\/www.wallo.green\/blogshop\/wp-json\/wp\/v2\/types\/page"}],"author":[{"embeddable":true,"href":"https:\/\/www.wallo.green\/blogshop\/wp-json\/wp\/v2\/users\/1"}],"replies":[{"embeddable":true,"href":"https:\/\/www.wallo.green\/blogshop\/wp-json\/wp\/v2\/comments?post=252"}],"version-history":[{"count":11,"href":"https:\/\/www.wallo.green\/blogshop\/wp-json\/wp\/v2\/pages\/252\/revisions"}],"predecessor-version":[{"id":1852,"href":"https:\/\/www.wallo.green\/blogshop\/wp-json\/wp\/v2\/pages\/252\/revisions\/1852"}],"wp:attachment":[{"href":"https:\/\/www.wallo.green\/blogshop\/wp-json\/wp\/v2\/media?parent=252"}],"curies":[{"name":"wp","href":"https:\/\/api.w.org\/{rel}","templated":true}]}}