{"id":1869,"date":"2023-12-13T14:18:32","date_gmt":"2023-12-13T13:18:32","guid":{"rendered":"https:\/\/www.wallo.green\/blogshop\/?page_id=1869"},"modified":"2025-02-06T20:39:14","modified_gmt":"2025-02-06T19:39:14","slug":"dernieres-actualites-et-articles","status":"publish","type":"page","link":"https:\/\/www.wallo.green\/blogshop\/page-des-articles-actualites\/dernieres-actualites-et-articles\/","title":{"rendered":"Derni\u00e8res actualit\u00e9s et articles"},"content":{"rendered":"<p><strong>Derni\u00e8res actualit\u00e9s et articles<\/strong> de ce blog<\/p>\n<p><em><span style=\"font-size: 12pt;\">Version avec introductions :<\/span><\/em> <a href=\"http:\/\/www.wallo.green\/blogshop\/?cat=2,3,4,5,6,7,8,12\"><em><span style=\"font-size: 12pt;\">ici<\/span><\/em><\/a><\/p>\n<ul class=\"display-posts-listing\"><li class=\"listing-item\"><a class=\"title\" href=\"https:\/\/www.wallo.green\/blogshop\/2025\/08\/04\/nos-lilas-des-indes-aout-2025\/\">Nos lilas des Indes, ao\u00fbt 2025<\/a> <span class=\"date\">4 ao\u00fbt 2025<\/span><\/li><li class=\"listing-item\"><a class=\"title\" href=\"https:\/\/www.wallo.green\/blogshop\/2025\/07\/30\/fete-de-la-tomate-de-velaine-sur-sambre\/\">F\u00eate de la Tomate de Velaine-sur-Sambre<\/a> <span class=\"date\">30 juillet 2025<\/span><\/li><li class=\"listing-item\"><a class=\"title\" href=\"https:\/\/www.wallo.green\/blogshop\/2025\/06\/13\/nos-beaux-cistes-en-floraison-et-vente\/\">Nos beaux cistes en floraison et vente<\/a> <span class=\"date\">13 juin 2025<\/span><\/li><li class=\"listing-item\"><a class=\"title\" href=\"https:\/\/www.wallo.green\/blogshop\/2025\/05\/12\/les-chayas-sont-enfin-disponibles\/\">Les chayas sont enfin disponibles<\/a> <span class=\"date\">12 mai 2025<\/span><\/li><li class=\"listing-item\"><a class=\"title\" href=\"https:\/\/www.wallo.green\/blogshop\/2025\/05\/06\/descriptions-des-courges-disponibles-des-maintenant\/\">Descriptions des courges disponibles d\u00e8s maintenant<\/a> <span class=\"date\">6 mai 2025<\/span><\/li><li class=\"listing-item\"><a class=\"title\" href=\"https:\/\/www.wallo.green\/blogshop\/2025\/04\/27\/courges-attendez-le-10-mai\/\">Courges : attendez le 10 mai !<\/a> <span class=\"date\">27 avril 2025<\/span><\/li><li class=\"listing-item\"><a class=\"title\" href=\"https:\/\/www.wallo.green\/blogshop\/2025\/04\/17\/terreau-frais-de-ce-printemps\/\">Terreau frais de ce printemps<\/a> <span class=\"date\">17 avril 2025<\/span><\/li><li class=\"listing-item\"><a class=\"title\" href=\"https:\/\/www.wallo.green\/blogshop\/2025\/04\/10\/nos-super-framboisiers-disponibles-printemps-2025\/\">Nos super framboisiers disponibles<\/a> <span class=\"date\">10 avril 2025<\/span><\/li><li class=\"listing-item\"><a class=\"title\" href=\"https:\/\/www.wallo.green\/blogshop\/2025\/04\/10\/rhubarbes-de-ce-printemps-2025\/\">Rhubarbes<\/a> <span class=\"date\">10 avril 2025<\/span><\/li><li class=\"listing-item\"><a class=\"title\" href=\"https:\/\/www.wallo.green\/blogshop\/2025\/04\/09\/plants-de-fraisiers-pro-printemps-2025\/\">Plants de fraisiers pro<\/a> <span class=\"date\">9 avril 2025<\/span><\/li><li class=\"listing-item\"><a class=\"title\" href=\"https:\/\/www.wallo.green\/blogshop\/2025\/03\/02\/amelanchiers-fruitiers-rares-plants-forts-a-25-e\/\">Amelanchiers fruitiers : rares plants forts \u00e0 25 \u20ac<\/a> <span class=\"date\">2 mars 2025<\/span><\/li><li class=\"listing-item\"><a class=\"title\" href=\"https:\/\/www.wallo.green\/blogshop\/2025\/02\/06\/asiminiers-fruitiers-en-stock\/\">Asiminiers fruitiers en stock<\/a> <span class=\"date\">6 f\u00e9vrier 2025<\/span><\/li><li class=\"listing-item\"><a class=\"title\" href=\"https:\/\/www.wallo.green\/blogshop\/2025\/01\/17\/fruitiers-rares-en-racines-nues-janvier-2025\/\">Fruitiers rares en racines nues<\/a> <span class=\"date\">17 janvier 2025<\/span><\/li><li class=\"listing-item\"><a class=\"title\" href=\"https:\/\/www.wallo.green\/blogshop\/2024\/09\/29\/les-pots-a-choucroute-du-21eme-siecle-vive-le-synthetique\/\">Les pots \u00e0 choucroute du 21\u00e8me si\u00e8cle : vive le synth\u00e9tique<\/a> <span class=\"date\">29 septembre 2024<\/span><\/li><li class=\"listing-item\"><a class=\"title\" href=\"https:\/\/www.wallo.green\/blogshop\/2023\/12\/17\/le-stock-de-cornouillers-fruitiers-greffes\/\">Le stock de cornouillers fruitiers greff\u00e9s<\/a> <span class=\"date\">17 d\u00e9cembre 2023<\/span><\/li><li class=\"listing-item\"><a class=\"title\" href=\"https:\/\/www.wallo.green\/blogshop\/2023\/12\/14\/pins-dores-disponibles\/\">Pins dor\u00e9s disponibles<\/a> <span class=\"date\">14 d\u00e9cembre 2023<\/span><\/li><li class=\"listing-item\"><a class=\"title\" href=\"https:\/\/www.wallo.green\/blogshop\/2023\/12\/10\/descriptifs-des-fruitiers-en-racines-nues-de-cet-hiver\/\">Descriptifs des fruitiers en racines nues de cet hiver<\/a> <span class=\"date\">10 d\u00e9cembre 2023<\/span><\/li><li class=\"listing-item\"><a class=\"title\" href=\"https:\/\/www.wallo.green\/blogshop\/2023\/12\/08\/nouveaux-fruitiers-rares-en-racines-nues\/\">Nouveaux fruitiers rares en racines nues !<\/a> <span class=\"date\">8 d\u00e9cembre 2023<\/span><\/li><li class=\"listing-item\"><a class=\"title\" href=\"https:\/\/www.wallo.green\/blogshop\/2023\/12\/03\/nos-cornouillers-a-ecorce-decorative-en-hiver\/\">Nos cornouillers \u00e0 \u00e9corce d\u00e9corative en hiver<\/a> <span class=\"date\">3 d\u00e9cembre 2023<\/span><\/li><li class=\"listing-item\"><a class=\"title\" href=\"https:\/\/www.wallo.green\/blogshop\/2023\/11\/15\/chataigniers-fruitiers-disponibles\/\">Ch\u00e2taigniers fruitiers disponibles<\/a> <span class=\"date\">15 novembre 2023<\/span><\/li><li class=\"listing-item\"><a class=\"title\" href=\"https:\/\/www.wallo.green\/blogshop\/2023\/06\/25\/nos-lauriers-roses\/\">Nos lauriers-roses !<\/a> <span class=\"date\">25 juin 2023<\/span><\/li><li class=\"listing-item\"><a class=\"title\" href=\"https:\/\/www.wallo.green\/blogshop\/2023\/06\/23\/lauriers-roses-conseils-de-culture\/\">Lauriers-roses : conseils de culture<\/a> <span class=\"date\">23 juin 2023<\/span><\/li><li class=\"listing-item\"><a class=\"title\" href=\"https:\/\/www.wallo.green\/blogshop\/2023\/05\/22\/nos-filets-a-ramer-ultra-solides-durables-et-discrets\/\">Nos filets \u00e0 ramer ultra solides, durables et discrets<\/a> <span class=\"date\">22 mai 2023<\/span><\/li><li class=\"listing-item\"><a class=\"title\" href=\"https:\/\/www.wallo.green\/blogshop\/2023\/05\/12\/un-petit-verre-de-lilas\/\">Un petit verre de lilas ?<\/a> <span class=\"date\">12 mai 2023<\/span><\/li><li class=\"listing-item\"><a class=\"title\" href=\"https:\/\/www.wallo.green\/blogshop\/2023\/04\/09\/promo-en-cours-les-lauriers-roses\/\">Les lauriers roses en stock cet avril<\/a> <span class=\"date\">9 avril 2023<\/span><\/li><li class=\"listing-item\"><a class=\"title\" href=\"https:\/\/www.wallo.green\/blogshop\/2023\/04\/08\/de-belles-greffes-en-vitesse\/\">De belles greffes en vitesse<\/a> <span class=\"date\">8 avril 2023<\/span><\/li><li class=\"listing-item\"><a class=\"title\" href=\"https:\/\/www.wallo.green\/blogshop\/2023\/03\/23\/rhubarbes\/\">Rhubarbes !<\/a> <span class=\"date\">23 mars 2023<\/span><\/li><li class=\"listing-item\"><a class=\"title\" href=\"https:\/\/www.wallo.green\/blogshop\/2023\/03\/09\/tisane-de-camerisiers-plaisir-et-sante\/\">Tisane de camerisiers : plaisir, et sant\u00e9<\/a> <span class=\"date\">9 mars 2023<\/span><\/li><li class=\"listing-item\"><a class=\"title\" href=\"https:\/\/www.wallo.green\/blogshop\/2023\/03\/09\/camerisiers-bien-les-cultiver\/\">Camerisiers, description et culture simple<\/a> <span class=\"date\">9 mars 2023<\/span><\/li><li class=\"listing-item\"><a class=\"title\" href=\"https:\/\/www.wallo.green\/blogshop\/2023\/03\/08\/walloblue\/\">WalloBlue<\/a> <span class=\"date\">8 mars 2023<\/span><\/li><li class=\"listing-item\"><a class=\"title\" href=\"https:\/\/www.wallo.green\/blogshop\/2023\/03\/08\/nos-fetes-des-plantes-de-ce-printemps\/\">Les f\u00eates des plantes de ce printemps<\/a> <span class=\"date\">8 mars 2023<\/span><\/li><li class=\"listing-item\"><a class=\"title\" href=\"https:\/\/www.wallo.green\/blogshop\/2023\/02\/25\/surplus-de-camerises-congelees\/\">Nos camerises congel\u00e9es<\/a> <span class=\"date\">25 f\u00e9vrier 2023<\/span><\/li><li class=\"listing-item\"><a class=\"title\" href=\"https:\/\/www.wallo.green\/blogshop\/2023\/02\/21\/un-peu-plus-de-visibilite\/\">Un peu plus de visibilit\u00e9 !<\/a> <span class=\"date\">21 f\u00e9vrier 2023<\/span><\/li><li class=\"listing-item\"><a class=\"title\" href=\"https:\/\/www.wallo.green\/blogshop\/2023\/02\/13\/racines-nues-ne-tardez-pas\/\">Racines nues : ne tardez pas&#8230;<\/a> <span class=\"date\">13 f\u00e9vrier 2023<\/span><\/li><li class=\"listing-item\"><a class=\"title\" href=\"https:\/\/www.wallo.green\/blogshop\/2023\/02\/08\/un-tout-doux-cadeau-de-saint-valentin\/\">Un tout doux cadeau de Saint-Valentin ?<\/a> <span class=\"date\">8 f\u00e9vrier 2023<\/span><\/li><li class=\"listing-item\"><a class=\"title\" href=\"https:\/\/www.wallo.green\/blogshop\/2023\/02\/03\/cest-la-saison-des-hamamelis-%e3%83%84\/\">C&#8217;est la saison des Hamamelis \u30c4<\/a> <span class=\"date\">3 f\u00e9vrier 2023<\/span><\/li><li class=\"listing-item\"><a class=\"title\" href=\"https:\/\/www.wallo.green\/blogshop\/2022\/11\/05\/assortiment-stock-et-prix-novembre-2022\/\">Les fruitiers nouveaux sont arriv\u00e9s !!!<\/a> <span class=\"date\">5 novembre 2022<\/span><\/li><li class=\"listing-item\"><a class=\"title\" href=\"https:\/\/www.wallo.green\/blogshop\/2022\/10\/25\/partenaire-officiel-de-la-kentucky-state-university\/\">Partenaire officiel de la Kentucky State University<\/a> <span class=\"date\">25 octobre 2022<\/span><\/li><li class=\"listing-item\"><a class=\"title\" href=\"https:\/\/www.wallo.green\/blogshop\/2022\/01\/25\/tomates-semis-et-culture-mode-demploi\/\">Tomates : semis et culture, les clefs de la r\u00e9ussite !<\/a> <span class=\"date\">25 janvier 2022<\/span><\/li><li class=\"listing-item\"><a class=\"title\" href=\"https:\/\/www.wallo.green\/blogshop\/2022\/01\/23\/les-tomates-ultra-resistantes-au-mildiou-2022\/\">Les tomates ULTRA r\u00e9sistantes au mildiou : 2022<\/a> <span class=\"date\">23 janvier 2022<\/span><\/li><li class=\"listing-item\"><a class=\"title\" href=\"https:\/\/www.wallo.green\/blogshop\/2021\/10\/12\/basilics-semer-cultiver-recolter-conserver\/\">Basilics : semer, cultiver, r\u00e9colter, conserver !<\/a> <span class=\"date\">12 octobre 2021<\/span><\/li><li class=\"listing-item\"><a class=\"title\" href=\"https:\/\/www.wallo.green\/blogshop\/2021\/04\/28\/fraisiers-disponibilites-mise-a-jour\/\">Fraisiers : disponibilit\u00e9s 2021, mise \u00e0 jour<\/a> <span class=\"date\">28 avril 2021<\/span><\/li><li class=\"listing-item\"><a class=\"title\" href=\"https:\/\/www.wallo.green\/blogshop\/2021\/03\/24\/festival-de-la-caisse\/\">Festival de la caisse, 2021<\/a> <span class=\"date\">24 mars 2021<\/span><\/li><li class=\"listing-item\"><a class=\"title\" href=\"https:\/\/www.wallo.green\/blogshop\/2021\/02\/11\/suspension-provisoire-des-livraisons\/\">Suspension provisoire des livraisons, 2021<\/a> <span class=\"date\">11 f\u00e9vrier 2021<\/span><\/li><li class=\"listing-item\"><a class=\"title\" href=\"https:\/\/www.wallo.green\/blogshop\/2021\/02\/10\/fraisiers-conseils-de-culture\/\">Fraisiers : conseils de culture<\/a> <span class=\"date\">10 f\u00e9vrier 2021<\/span><\/li><li class=\"listing-item\"><a class=\"title\" href=\"https:\/\/www.wallo.green\/blogshop\/2021\/02\/09\/disponibilite-fraisiers-hiver-printemps-2021\/\">Disponibilit\u00e9 fraisiers printemps 2021<\/a> <span class=\"date\">9 f\u00e9vrier 2021<\/span><\/li><li class=\"listing-item\"><a class=\"title\" href=\"https:\/\/www.wallo.green\/blogshop\/2021\/01\/18\/calendrier-des-fetes-des-plantes\/\">Calendrier des f\u00eates des plantes 2021<\/a> <span class=\"date\">18 janvier 2021<\/span><\/li><li class=\"listing-item\"><a class=\"title\" href=\"https:\/\/www.wallo.green\/blogshop\/2020\/11\/22\/doux-novembre-pour-le-bon-mouron\/\">Doux novembre pour le bon mouron<\/a> <span class=\"date\">22 novembre 2020<\/span><\/li><li class=\"listing-item\"><a class=\"title\" href=\"https:\/\/www.wallo.green\/blogshop\/2020\/10\/11\/portes-ouvertes-annulees\/\">Portes ouvertes 2020 annul\u00e9es<\/a> <span class=\"date\">11 octobre 2020<\/span><\/li><li class=\"listing-item\"><a class=\"title\" href=\"https:\/\/www.wallo.green\/blogshop\/2020\/09\/15\/les-toilettes-seches\/\">Les toilettes s\u00e8ches<\/a> <span class=\"date\">15 septembre 2020<\/span><\/li><li class=\"listing-item\"><a class=\"title\" href=\"https:\/\/www.wallo.green\/blogshop\/2020\/09\/01\/la-france-les-cheques-les-iban-et-les-banquiers\/\">La France, les ch\u00e8ques, les IBAN et les banquiers<\/a> <span class=\"date\">1 septembre 2020<\/span><\/li><li class=\"listing-item\"><a class=\"title\" href=\"https:\/\/www.wallo.green\/blogshop\/2020\/03\/01\/papier-a4-waterproof-bon-marche-pour-imprimantes-laser-mini-test\/\">Papier A4 waterproof bon march\u00e9 pour imprimantes laser : mini test !<\/a> <span class=\"date\">1 mars 2020<\/span><\/li><li class=\"listing-item\"><a class=\"title\" href=\"https:\/\/www.wallo.green\/blogshop\/2016\/09\/12\/lexotique-petit-cadeau-de-lafmps\/\">L\u2019exotique petit cadeau de l\u2019AFMPS<\/a> <span class=\"date\">12 septembre 2016<\/span><\/li><li class=\"listing-item\"><a class=\"title\" href=\"https:\/\/www.wallo.green\/blogshop\/2015\/09\/12\/laromatique-petit-cadeau-de-lafmps\/\">L\u2019aromatique petit cadeau de l\u2019AFMPS<\/a> <span class=\"date\">12 septembre 2015<\/span><\/li><li class=\"listing-item\"><a class=\"title\" href=\"https:\/\/www.wallo.green\/blogshop\/2014\/09\/12\/le-delicieux-petit-cadeau-de-lafmps\/\">Le d\u00e9licieux petit cadeau de l&#8217;AFMPS<\/a> <span class=\"date\">12 septembre 2014<\/span><\/li><\/ul>\n","protected":false},"excerpt":{"rendered":"<p>Derni\u00e8res actualit\u00e9s et articles de ce blog Version avec introductions : ici<\/p>\n","protected":false},"author":1,"featured_media":0,"parent":78,"menu_order":0,"comment_status":"closed","ping_status":"closed","template":"","meta":{"footnotes":""},"class_list":["post-1869","page","type-page","status-publish","hentry"],"_links":{"self":[{"href":"https:\/\/www.wallo.green\/blogshop\/wp-json\/wp\/v2\/pages\/1869","targetHints":{"allow":["GET"]}}],"collection":[{"href":"https:\/\/www.wallo.green\/blogshop\/wp-json\/wp\/v2\/pages"}],"about":[{"href":"https:\/\/www.wallo.green\/blogshop\/wp-json\/wp\/v2\/types\/page"}],"author":[{"embeddable":true,"href":"https:\/\/www.wallo.green\/blogshop\/wp-json\/wp\/v2\/users\/1"}],"replies":[{"embeddable":true,"href":"https:\/\/www.wallo.green\/blogshop\/wp-json\/wp\/v2\/comments?post=1869"}],"version-history":[{"count":8,"href":"https:\/\/www.wallo.green\/blogshop\/wp-json\/wp\/v2\/pages\/1869\/revisions"}],"predecessor-version":[{"id":2170,"href":"https:\/\/www.wallo.green\/blogshop\/wp-json\/wp\/v2\/pages\/1869\/revisions\/2170"}],"up":[{"embeddable":true,"href":"https:\/\/www.wallo.green\/blogshop\/wp-json\/wp\/v2\/pages\/78"}],"wp:attachment":[{"href":"https:\/\/www.wallo.green\/blogshop\/wp-json\/wp\/v2\/media?parent=1869"}],"curies":[{"name":"wp","href":"https:\/\/api.w.org\/{rel}","templated":true}]}}