{"id":179,"date":"2020-08-18T10:13:49","date_gmt":"2020-08-18T08:13:49","guid":{"rendered":"https:\/\/www.wallo.green\/blogshop\/?page_id=179"},"modified":"2023-03-09T18:21:15","modified_gmt":"2023-03-09T17:21:15","slug":"les-comestibles-ligneuses","status":"publish","type":"page","link":"https:\/\/www.wallo.green\/blogshop\/boutique\/les-comestibles-ligneuses\/","title":{"rendered":"Les comestibles ligneuses"},"content":{"rendered":"<p style=\"text-align: left;\"><span class=\"has-inline-color has-secondary-color\" style=\"font-size: 12pt; color: #808080;\">[<em>Page obsol\u00e8te\/incompl\u00e8te qui doit \u00eatre refaite&#8230; consultez la page d&#8217;accueil du blog et les actualit\u00e9s r\u00e9centes&#8230;<\/em>]<\/span><\/p>\r\n<!-- \/wp:post-content -->\r\n\r\n<!-- wp:paragraph -->\r\n<p><a href=\"https:\/\/www.wallo.green\/shop\/\">Acheter en ligne<\/a><\/p>\r\n<p><strong>Amelanchiers<\/strong> : <a href=\"https:\/\/www.wallo.green\/blogshop\/boutique\/les-comestibles-ligneuses\/amelanchiers\/\">vari\u00e9t\u00e9s<\/a><\/p>\r\n<p><strong>Argousiers<\/strong> : <a href=\"https:\/\/www.wallo.green\/blogshop\/boutique\/les-comestibles-ligneuses\/argousiers\/\">nombreuses vari\u00e9t\u00e9s<\/a><\/p>\r\n<p><strong>Asiminiers<\/strong> : <a href=\"https:\/\/www.wallo.green\/blogshop\/boutique\/les-comestibles-ligneuses\/les-asiminiers\/\">vari\u00e9t\u00e9s<\/a><\/p>\r\n<p><strong>Camerisiers<\/strong> ou haskaps : <a href=\"https:\/\/www.wallo.green\/blogshop\/boutique\/les-comestibles-ligneuses\/camerisiers-haskaps\/\">nombreuses vari\u00e9t\u00e9s<\/a><\/p>\r\n<p><strong>Coings<\/strong> :<\/p>\r\n<ul>\r\n<li>Aromatnaya (Krymsk)<\/li>\r\n<li>Citronova<\/li>\r\n<li>Constantinople<\/li>\r\n<li>Leskovac<\/li>\r\n<li>Miagkoplodnaja<\/li>\r\n<li>Muskatova<\/li>\r\n<li>Robusta<\/li>\r\n<\/ul>\r\n<p><strong>Cornouillers fruitiers<\/strong> : <a href=\"https:\/\/www.wallo.green\/blogshop\/boutique\/les-comestibles-ligneuses\/cornouillers\/\">nombreuses vari\u00e9t\u00e9s<\/a><\/p>\r\n<!-- \/wp:paragraph -->\r\n\r\n<!-- wp:paragraph -->\r\n<p><strong>M\u00fbriers<\/strong> (arbres) : <a href=\"https:\/\/www.wallo.green\/blogshop\/boutique\/les-comestibles-ligneuses\/muriers\/\">nombreuses vari\u00e9t\u00e9s<\/a><\/p>\r\n<!-- \/wp:paragraph -->\r\n\r\n<!-- wp:paragraph \/-->\r\n\r\n<!-- wp:paragraph \/-->\r\n\r\n<!-- wp:paragraph \/-->\r\n\r\n<!-- wp:paragraph -->\r\n<p><strong>Nashis<\/strong> :<\/p>\r\n<ul>\r\n<li>Chojuro<\/li>\r\n<li>Early Shu<\/li>\r\n<li>Hayatama<\/li>\r\n<li>Hong-Li<\/li>\r\n<li>Hosui<\/li>\r\n<li>Kosui<\/li>\r\n<li>Nijiseiki<\/li>\r\n<li>Reddy Robin<\/li>\r\n<li>Shinseiki<\/li>\r\n<\/ul>\r\n<p><strong>Poiriers<\/strong> :<\/p>\r\n<ul>\r\n<li>New World<\/li>\r\n<li>Shipova<\/li>\r\n<li>Tennosui<\/li>\r\n<li>Turnbull<\/li>\r\n<\/ul>\r\n<p><strong>Toona<\/strong> (Cedrela) sinensis North Red<\/p>\r\n<!-- \/wp:paragraph -->\r\n\r\n<!-- wp:paragraph -->\r\n<p><strong>Xanthoceras<\/strong> sorbifolium, 3 g\u00e9notypes<\/p>\r\n<p style=\"text-align: center;\"><a href=\"https:\/\/www.wallo.green\/blogshop\/boutique\/les-comestibles-herbacees\/\">Herbac\u00e9<\/a>\u00a0 &#8211;\u00a0 <a href=\"https:\/\/www.wallo.green\/blogshop\/boutique\/les-ornementales\/\">Ornemental<\/a>\u00a0 &#8211;\u00a0 <a href=\"https:\/\/www.wallo.green\/blogshop\/boutique\/autre-plantes-graines-greffons-boutures\/\">Sp\u00e9cial<\/a>\u00a0 &#8211;\u00a0 <a href=\"https:\/\/www.wallo.green\/blogshop\/boutique\/le-materiel\/\">Mat\u00e9riel<\/a>\u00a0 &#8211;\u00a0 <a href=\"https:\/\/www.wallo.green\/blogshop\/promos\/\">Promos<\/a><\/p>\r\n<p><a href=\"https:\/\/www.wallo.green\/blogshop\/wp-content\/uploads\/2020\/09\/Stemilt-winter-pruining-7636.jpg\"><img loading=\"lazy\" decoding=\"async\" class=\"aligncenter size-large wp-image-428\" src=\"https:\/\/www.wallo.green\/blogshop\/wp-content\/uploads\/2020\/09\/Stemilt-winter-pruining-7636-1024x576.jpg\" alt=\"\" width=\"580\" height=\"326\" srcset=\"https:\/\/www.wallo.green\/blogshop\/wp-content\/uploads\/2020\/09\/Stemilt-winter-pruining-7636-1024x576.jpg 1024w, https:\/\/www.wallo.green\/blogshop\/wp-content\/uploads\/2020\/09\/Stemilt-winter-pruining-7636-300x169.jpg 300w, https:\/\/www.wallo.green\/blogshop\/wp-content\/uploads\/2020\/09\/Stemilt-winter-pruining-7636-768x432.jpg 768w, https:\/\/www.wallo.green\/blogshop\/wp-content\/uploads\/2020\/09\/Stemilt-winter-pruining-7636-1536x864.jpg 1536w, https:\/\/www.wallo.green\/blogshop\/wp-content\/uploads\/2020\/09\/Stemilt-winter-pruining-7636-640x360.jpg 640w, https:\/\/www.wallo.green\/blogshop\/wp-content\/uploads\/2020\/09\/Stemilt-winter-pruining-7636-1200x675.jpg 1200w, https:\/\/www.wallo.green\/blogshop\/wp-content\/uploads\/2020\/09\/Stemilt-winter-pruining-7636-1980x1114.jpg 1980w, https:\/\/www.wallo.green\/blogshop\/wp-content\/uploads\/2020\/09\/Stemilt-winter-pruining-7636.jpg 2000w\" sizes=\"auto, (max-width: 580px) 100vw, 580px\" \/><\/a><\/p>","protected":false},"excerpt":{"rendered":"<p>[Page obsol\u00e8te\/incompl\u00e8te qui doit \u00eatre refaite&#8230; consultez la page d&#8217;accueil du blog et les actualit\u00e9s r\u00e9centes&#8230;] Acheter en ligne Amelanchiers : vari\u00e9t\u00e9s Argousiers : nombreuses vari\u00e9t\u00e9s Asiminiers : vari\u00e9t\u00e9s Camerisiers ou haskaps : nombreuses vari\u00e9t\u00e9s Coings : Aromatnaya (Krymsk) Citronova Constantinople Leskovac Miagkoplodnaja Muskatova Robusta Cornouillers fruitiers : nombreuses vari\u00e9t\u00e9s M\u00fbriers (arbres) : nombreuses vari\u00e9t\u00e9s [&hellip;]<\/p>\n","protected":false},"author":1,"featured_media":0,"parent":9,"menu_order":0,"comment_status":"open","ping_status":"closed","template":"","meta":{"footnotes":""},"class_list":["post-179","page","type-page","status-publish","hentry"],"_links":{"self":[{"href":"https:\/\/www.wallo.green\/blogshop\/wp-json\/wp\/v2\/pages\/179","targetHints":{"allow":["GET"]}}],"collection":[{"href":"https:\/\/www.wallo.green\/blogshop\/wp-json\/wp\/v2\/pages"}],"about":[{"href":"https:\/\/www.wallo.green\/blogshop\/wp-json\/wp\/v2\/types\/page"}],"author":[{"embeddable":true,"href":"https:\/\/www.wallo.green\/blogshop\/wp-json\/wp\/v2\/users\/1"}],"replies":[{"embeddable":true,"href":"https:\/\/www.wallo.green\/blogshop\/wp-json\/wp\/v2\/comments?post=179"}],"version-history":[{"count":16,"href":"https:\/\/www.wallo.green\/blogshop\/wp-json\/wp\/v2\/pages\/179\/revisions"}],"predecessor-version":[{"id":1359,"href":"https:\/\/www.wallo.green\/blogshop\/wp-json\/wp\/v2\/pages\/179\/revisions\/1359"}],"up":[{"embeddable":true,"href":"https:\/\/www.wallo.green\/blogshop\/wp-json\/wp\/v2\/pages\/9"}],"wp:attachment":[{"href":"https:\/\/www.wallo.green\/blogshop\/wp-json\/wp\/v2\/media?parent=179"}],"curies":[{"name":"wp","href":"https:\/\/api.w.org\/{rel}","templated":true}]}}