{"id":15,"date":"2020-08-15T21:36:07","date_gmt":"2020-08-15T19:36:07","guid":{"rendered":"http:\/\/www.wallo.green\/blogshop\/?page_id=15"},"modified":"2025-02-08T18:11:45","modified_gmt":"2025-02-08T17:11:45","slug":"accueil","status":"publish","type":"page","link":"https:\/\/www.wallo.green\/blogshop\/","title":{"rendered":"Bienvenue"},"content":{"rendered":"\r\n\r\n\r\n<p><strong>Liste &#8220;toujours \u00e0 jour&#8221; de nos plantes, stock et prix : <\/strong><a href=\"http:\/\/www.wallo.green\/x\/22\">wallo.green\/x\/22<\/a> <br \/><span style=\"font-size: 8pt;\"><em><span style=\"color: #808080;\">(Plus pratique \u00e0 consulter sur un grand \u00e9cran de PC de bureau&#8230; ou GSM en \u00e9cran horizontal)<\/span><\/em><\/span><\/p>\r\n<p><strong>Derni\u00e8res actualit\u00e9s et articles<\/strong> de ce blog :<\/p>\r\n<p><span style=\"font-size: 14pt;\"><ul class=\"display-posts-listing\"><li class=\"listing-item\"><a class=\"title\" href=\"https:\/\/www.wallo.green\/blogshop\/2025\/08\/04\/nos-lilas-des-indes-aout-2025\/\">Nos lilas des Indes, ao\u00fbt 2025<\/a> <span class=\"date\">4 ao\u00fbt 2025<\/span><\/li><li class=\"listing-item\"><a class=\"title\" href=\"https:\/\/www.wallo.green\/blogshop\/2025\/07\/30\/fete-de-la-tomate-de-velaine-sur-sambre\/\">F\u00eate de la Tomate de Velaine-sur-Sambre<\/a> <span class=\"date\">30 juillet 2025<\/span><\/li><li class=\"listing-item\"><a class=\"title\" href=\"https:\/\/www.wallo.green\/blogshop\/2025\/06\/13\/nos-beaux-cistes-en-floraison-et-vente\/\">Nos beaux cistes en floraison et vente<\/a> <span class=\"date\">13 juin 2025<\/span><\/li><li class=\"listing-item\"><a class=\"title\" href=\"https:\/\/www.wallo.green\/blogshop\/2025\/05\/12\/les-chayas-sont-enfin-disponibles\/\">Les chayas sont enfin disponibles<\/a> <span class=\"date\">12 mai 2025<\/span><\/li><li class=\"listing-item\"><a class=\"title\" href=\"https:\/\/www.wallo.green\/blogshop\/2025\/05\/06\/descriptions-des-courges-disponibles-des-maintenant\/\">Descriptions des courges disponibles d\u00e8s maintenant<\/a> <span class=\"date\">6 mai 2025<\/span><\/li><li class=\"listing-item\"><a class=\"title\" href=\"https:\/\/www.wallo.green\/blogshop\/2025\/04\/27\/courges-attendez-le-10-mai\/\">Courges : attendez le 10 mai !<\/a> <span class=\"date\">27 avril 2025<\/span><\/li><li class=\"listing-item\"><a class=\"title\" href=\"https:\/\/www.wallo.green\/blogshop\/2025\/04\/17\/terreau-frais-de-ce-printemps\/\">Terreau frais de ce printemps<\/a> <span class=\"date\">17 avril 2025<\/span><\/li><\/ul><\/span><\/p>\r\n<p style=\"text-align: right;\"><a href=\"http:\/\/www.wallo.green\/blogshop\/?cat=2,3,4,5,6,7,8,12\"><em><span style=\"font-size: 12pt;\">Toutes les news avec intro&#8230;<\/span><\/em><\/a><br \/><a href=\"https:\/\/www.wallo.green\/blogshop\/?page_id=1869\"><em><span style=\"font-size: 12pt;\">Toutes les news, liste compacte&#8230;<\/span><\/em><\/a><\/p>\r\n<p><strong><a href=\"https:\/\/www.wallo.green\/acheter\/\">Webshop<\/a><\/strong><\/p>\r\n<figure id=\"attachment_1048\" aria-describedby=\"caption-attachment-1048\" style=\"width: 580px\" class=\"wp-caption aligncenter\"><a href=\"https:\/\/www.wallo.green\/blogshop\/wp-content\/uploads\/2022\/11\/harvesting-apples-countryside-garden-beautiful-girl-vintage-clothes-red-skirt-solokha-sits-near-wicker-baskets-with-apples-eating-fruit_182792-191-scaled.jpg\"><img loading=\"lazy\" decoding=\"async\" class=\"size-large wp-image-1048\" src=\"https:\/\/www.wallo.green\/blogshop\/wp-content\/uploads\/2022\/11\/harvesting-apples-countryside-garden-beautiful-girl-vintage-clothes-red-skirt-solokha-sits-near-wicker-baskets-with-apples-eating-fruit_182792-191-1024x683.jpg\" alt=\"\" width=\"580\" height=\"387\" srcset=\"https:\/\/www.wallo.green\/blogshop\/wp-content\/uploads\/2022\/11\/harvesting-apples-countryside-garden-beautiful-girl-vintage-clothes-red-skirt-solokha-sits-near-wicker-baskets-with-apples-eating-fruit_182792-191-1024x683.jpg 1024w, https:\/\/www.wallo.green\/blogshop\/wp-content\/uploads\/2022\/11\/harvesting-apples-countryside-garden-beautiful-girl-vintage-clothes-red-skirt-solokha-sits-near-wicker-baskets-with-apples-eating-fruit_182792-191-300x200.jpg 300w, https:\/\/www.wallo.green\/blogshop\/wp-content\/uploads\/2022\/11\/harvesting-apples-countryside-garden-beautiful-girl-vintage-clothes-red-skirt-solokha-sits-near-wicker-baskets-with-apples-eating-fruit_182792-191-150x100.jpg 150w, https:\/\/www.wallo.green\/blogshop\/wp-content\/uploads\/2022\/11\/harvesting-apples-countryside-garden-beautiful-girl-vintage-clothes-red-skirt-solokha-sits-near-wicker-baskets-with-apples-eating-fruit_182792-191-768x512.jpg 768w, https:\/\/www.wallo.green\/blogshop\/wp-content\/uploads\/2022\/11\/harvesting-apples-countryside-garden-beautiful-girl-vintage-clothes-red-skirt-solokha-sits-near-wicker-baskets-with-apples-eating-fruit_182792-191-1536x1024.jpg 1536w, https:\/\/www.wallo.green\/blogshop\/wp-content\/uploads\/2022\/11\/harvesting-apples-countryside-garden-beautiful-girl-vintage-clothes-red-skirt-solokha-sits-near-wicker-baskets-with-apples-eating-fruit_182792-191-2048x1365.jpg 2048w, https:\/\/www.wallo.green\/blogshop\/wp-content\/uploads\/2022\/11\/harvesting-apples-countryside-garden-beautiful-girl-vintage-clothes-red-skirt-solokha-sits-near-wicker-baskets-with-apples-eating-fruit_182792-191-640x427.jpg 640w, https:\/\/www.wallo.green\/blogshop\/wp-content\/uploads\/2022\/11\/harvesting-apples-countryside-garden-beautiful-girl-vintage-clothes-red-skirt-solokha-sits-near-wicker-baskets-with-apples-eating-fruit_182792-191-1200x800.jpg 1200w, https:\/\/www.wallo.green\/blogshop\/wp-content\/uploads\/2022\/11\/harvesting-apples-countryside-garden-beautiful-girl-vintage-clothes-red-skirt-solokha-sits-near-wicker-baskets-with-apples-eating-fruit_182792-191-1980x1320.jpg 1980w\" sizes=\"auto, (max-width: 580px) 100vw, 580px\" \/><\/a><figcaption id=\"caption-attachment-1048\" class=\"wp-caption-text\">Miom !<\/figcaption><\/figure>\r\n<p>Bien que nous avons tent\u00e9 d&#8217;atteindre le meilleur compromis, les visiteurs utilisant un <strong><span style=\"color: #ff0000;\">smartphone<\/span> <\/strong>sont invit\u00e9s \u00e0 nous lire sur un \u00e9cran d&#8217;ordinateur, l&#8217;affichage de nos pages sera bien plus ergonomique. Ne n\u00e9gligez pas le <strong>menu 3 points<\/strong> en haut \u00e0 droite. La structure du blog sera bient\u00f4t r\u00e9organis\u00e9e, de m\u00eame que le menu de navigation, merci de votre patience&#8230;<\/p>\r\n<p>&nbsp;<\/p>\r\n\r\n\r\n\r\n<p>Un de nos <a href=\"https:\/\/www.wallo.green\/blogshop\/boutique\/les-comestibles-ligneuses\/camerisiers-haskaps\/\">fruits phare<\/a>, on ne s&#8217;en lasse pas :<\/p>\r\n<p><em><span style=\"font-size: 12pt;\"><span style=\"color: #808080;\">[ Les <strong>bleuets<\/strong> cit\u00e9s sont les myrtilles modernes ! ]<\/span><\/span><br \/><\/em><\/p>\r\n<p><iframe loading=\"lazy\" title=\"La camerise (Haskap), dr\u00f4le de petit fruit, Radio Canada, 2013\" src=\"https:\/\/player.vimeo.com\/video\/83834626?dnt=1&amp;app_id=122963\" width=\"480\" height=\"272\" frameborder=\"0\" allow=\"autoplay; fullscreen; picture-in-picture; clipboard-write; encrypted-media\"><\/iframe><\/p>\r\n\r\n<p>&nbsp;<\/p>\r\n\r\n<p><a href=\"https:\/\/www.facebook.com\/WalloGreen\"><strong>Facebook<\/strong><\/a> : WalloGreen (<em>la Page&#8230; le Groupe est en pause<\/em>)<\/p>\r\n\r\n\r\n\r\n<p><a href=\"https:\/\/www.instagram.com\/wallogreen\/\"><strong>Instagram<\/strong><\/a> : wallogreen<\/p>\r\n\r\n\r\n\r\n<p>&nbsp;<\/p>\r\n\r\n<p>L\u2019ancien <a href=\"http:\/\/www.wallogreen.com\/blog\/\">blog<\/a><\/p>\r\n\r\n\r\n\r\n\r\n","protected":false},"excerpt":{"rendered":"<p>Liste &#8220;toujours \u00e0 jour&#8221; de nos plantes, stock et prix : wallo.green\/x\/22 (Plus pratique \u00e0 consulter sur un grand \u00e9cran de PC de bureau&#8230; ou GSM en \u00e9cran horizontal) Derni\u00e8res actualit\u00e9s et articles de ce blog : Toutes les news avec intro&#8230;Toutes les news, liste compacte&#8230; Webshop Bien que nous avons tent\u00e9 d&#8217;atteindre le meilleur [&hellip;]<\/p>\n","protected":false},"author":1,"featured_media":0,"parent":0,"menu_order":0,"comment_status":"closed","ping_status":"closed","template":"","meta":{"footnotes":""},"class_list":["post-15","page","type-page","status-publish","hentry"],"_links":{"self":[{"href":"https:\/\/www.wallo.green\/blogshop\/wp-json\/wp\/v2\/pages\/15","targetHints":{"allow":["GET"]}}],"collection":[{"href":"https:\/\/www.wallo.green\/blogshop\/wp-json\/wp\/v2\/pages"}],"about":[{"href":"https:\/\/www.wallo.green\/blogshop\/wp-json\/wp\/v2\/types\/page"}],"author":[{"embeddable":true,"href":"https:\/\/www.wallo.green\/blogshop\/wp-json\/wp\/v2\/users\/1"}],"replies":[{"embeddable":true,"href":"https:\/\/www.wallo.green\/blogshop\/wp-json\/wp\/v2\/comments?post=15"}],"version-history":[{"count":85,"href":"https:\/\/www.wallo.green\/blogshop\/wp-json\/wp\/v2\/pages\/15\/revisions"}],"predecessor-version":[{"id":2183,"href":"https:\/\/www.wallo.green\/blogshop\/wp-json\/wp\/v2\/pages\/15\/revisions\/2183"}],"wp:attachment":[{"href":"https:\/\/www.wallo.green\/blogshop\/wp-json\/wp\/v2\/media?parent=15"}],"curies":[{"name":"wp","href":"https:\/\/api.w.org\/{rel}","templated":true}]}}