{"id":149,"date":"2020-08-17T10:08:52","date_gmt":"2020-08-17T08:08:52","guid":{"rendered":"https:\/\/www.wallo.green\/blogshop\/?page_id=149"},"modified":"2025-02-10T18:36:28","modified_gmt":"2025-02-10T17:36:28","slug":"ventes-expeditions-payements","status":"publish","type":"page","link":"https:\/\/www.wallo.green\/blogshop\/contact\/ventes-expeditions-payements\/","title":{"rendered":"Ventes, payements &#038; exp\u00e9ditions"},"content":{"rendered":"<p><strong><a href=\"https:\/\/www.wallo.green\/acheter\">Nouveau webshop<\/a><\/strong><\/p>\n<p>Possibilit\u00e9 de venir sur rendez-vous \u00e0 la p\u00e9pini\u00e8re, nous <a href=\"https:\/\/www.wallo.green\/blogshop\/contact\/\"><strong>contacter<\/strong><\/a>. Si nous exposons \u00e0 des <a href=\"https:\/\/www.wallo.green\/blogshop\/fetes-des-plantes\/\">f\u00eates des plantes<\/a>, nous pouvons vous y amener des plantes.<\/p>\n<p>Pour les journ\u00e9es\u00a0<strong>portes ouvertes<\/strong> ou <strong>WE \u00e0 th\u00e8me<\/strong> suivez les <a href=\"https:\/\/www.wallo.green\/blogshop\/?cat=2,3,4,5,6,7,8,12\">actualit\u00e9s<\/a> de ce blog, notre <a href=\"https:\/\/www.wallo.green\/blogshop\/calendrier\/\">calendrier<\/a> et <a href=\"https:\/\/www.facebook.com\/WalloGreen\">Facebook<\/a>.<\/p>\n<p>&nbsp;<\/p>\n<p>La <a href=\"https:\/\/www.wallo.green\/acheter\/\"><strong>vente par correspondance<\/strong><\/a> est la plupart du temps possible, mais parfois les <strong>livraisons<\/strong> sont suspendues et il faut venir chercher la commande \u00e0 la p\u00e9pini\u00e8re, ou en <a href=\"https:\/\/www.wallo.green\/blogshop\/fetes-des-plantes\/\">foires<\/a> o\u00f9 nous sommes pr\u00e9sents.<\/p>\n<p>Vous pouvez r\u00e9server les plantes parfois rares et <strong>payer<\/strong> par virement bancaire IBAN, Bancontact QR, ou par carte.<br \/>\nNous n&#8217;accepterons aucun <strong>ch\u00e8que<\/strong>. <a href=\"https:\/\/www.wallo.green\/blogshop\/2020\/09\/01\/la-france-les-cheques-les-iban-et-les-banquiers\/\">Article explicatif<\/a><\/p>\n<p>&nbsp;<\/p>\n<p><strong><a href=\"https:\/\/www.wallo.green\/acheter\/content\/1-livraison\">Frais de livraison<\/a> :<\/strong><\/p>\n<ul>\n<li>Pour la <em>Belgique<\/em> : base de 25 \u20ac + parfois 0,125 \u00e0 3 \u20ac par article selon la taille et poids.<\/li>\n<li>Pour la <em>France, Pays-Bas, Luxembourg et Allemagne<\/em> : base de 35\u20ac + parfois 0,125 \u00e0 3 \u20ac par article.<\/li>\n<li>Les <em>autres pays<\/em> : base de 35 \u20ac + suppl\u00e9ments selon articles, ensuite, <a href=\"https:\/\/www.wallo.green\/blogshop\/contact\/\">nous contacter<\/a> pour ajustements des frais.<\/li>\n<\/ul>\n<p>Nous vous encourageons \u00e0 faire des <strong>commandes group\u00e9es<\/strong> avec vos amis, familles et connaissances, cela r\u00e9duira certains frais et sera un peu plus \u00e9cologique.<\/p>\n<p><strong>Minimum d&#8217;achat : 50 \u20ac<\/strong><\/p>\n<p>&nbsp;<\/p>\n<p>Tout cela mis ensemble peut sembler cher, mais pr\u00e9parer une commande de 2 plantes d&#8217;un total de 10 \u20ac, prend presqu&#8217;autant de temps qu&#8217;une de 250 \u20ac pour 15 articles&#8230; il y a des postes et \u00e9tapes incompressibles.<br \/>\nEn tenant compte du temps consacr\u00e9, des ressources humaines, des frais de transporteur li\u00e9s au poids et distance, des mat\u00e9riaux de protection et d&#8217;emballage n\u00e9cessaires, de toute la logistique et des communications&#8230; ce n&#8217;est souvent pas tr\u00e8s rentable pour les petites p\u00e9pini\u00e8res ind\u00e9pendantes&#8230;<\/p>\n<p>Le prix \u00e9lev\u00e9 de certaines plantes est justifi\u00e9, outre par leur encombrement, poids et mois\/ann\u00e9es de multiplication, par parfois les 3 \u00e0 5 ans d&#8217;efforts pour les acqu\u00e9rir en sujet \u00e9ventuellement unique et tr\u00e8s on\u00e9reux, les tester, pouvoir les multiplier \u00e0 seulement quelques exemplaires en 3 ans&#8230; Ou bien trouver un rare grossiste lointain qui nous revient tr\u00e8s cher&#8230; Et dans le prix, sont par exemple aussi compris tous nos efforts de recherches bibliographiques, les fiches conseils que nous r\u00e9digeons et distribuons pour les raret\u00e9s achet\u00e9es, et autres services, etc&#8230; Il y a aussi l&#8217;aspect des g\u00e9n\u00e9tiques d&#8217;\u00e9lite de certains cultivars, les vari\u00e9t\u00e9s quasi disparues, les nouveaut\u00e9s de grand m\u00e9rite&#8230;<\/p>\n","protected":false},"excerpt":{"rendered":"<p>Nouveau webshop Possibilit\u00e9 de venir sur rendez-vous \u00e0 la p\u00e9pini\u00e8re, nous contacter. Si nous exposons \u00e0 des f\u00eates des plantes, nous pouvons vous y amener des plantes. Pour les journ\u00e9es\u00a0portes ouvertes ou WE \u00e0 th\u00e8me suivez les actualit\u00e9s de ce blog, notre calendrier et Facebook. &nbsp; La vente par correspondance est la plupart du temps [&hellip;]<\/p>\n","protected":false},"author":1,"featured_media":0,"parent":73,"menu_order":0,"comment_status":"closed","ping_status":"closed","template":"","meta":{"footnotes":""},"class_list":["post-149","page","type-page","status-publish","hentry"],"_links":{"self":[{"href":"https:\/\/www.wallo.green\/blogshop\/wp-json\/wp\/v2\/pages\/149","targetHints":{"allow":["GET"]}}],"collection":[{"href":"https:\/\/www.wallo.green\/blogshop\/wp-json\/wp\/v2\/pages"}],"about":[{"href":"https:\/\/www.wallo.green\/blogshop\/wp-json\/wp\/v2\/types\/page"}],"author":[{"embeddable":true,"href":"https:\/\/www.wallo.green\/blogshop\/wp-json\/wp\/v2\/users\/1"}],"replies":[{"embeddable":true,"href":"https:\/\/www.wallo.green\/blogshop\/wp-json\/wp\/v2\/comments?post=149"}],"version-history":[{"count":32,"href":"https:\/\/www.wallo.green\/blogshop\/wp-json\/wp\/v2\/pages\/149\/revisions"}],"predecessor-version":[{"id":261,"href":"https:\/\/www.wallo.green\/blogshop\/wp-json\/wp\/v2\/pages\/149\/revisions\/261"}],"up":[{"embeddable":true,"href":"https:\/\/www.wallo.green\/blogshop\/wp-json\/wp\/v2\/pages\/73"}],"wp:attachment":[{"href":"https:\/\/www.wallo.green\/blogshop\/wp-json\/wp\/v2\/media?parent=149"}],"curies":[{"name":"wp","href":"https:\/\/api.w.org\/{rel}","templated":true}]}}